{"id":2514,"date":"2022-04-04T00:40:43","date_gmt":"2022-04-03T22:40:43","guid":{"rendered":"https:\/\/www.gestoriadelaguardia.com\/avis-legal\/"},"modified":"2022-06-21T00:47:38","modified_gmt":"2022-06-20T22:47:38","slug":"avis-legal","status":"publish","type":"page","link":"https:\/\/www.gestoriadelaguardia.com\/ca\/avis-legal\/","title":{"rendered":"Av\u00eds legal"},"content":{"rendered":"<p>[et_pb_section fb_built=&#8221;1&#8243; _builder_version=&#8221;4.15.1&#8243; _module_preset=&#8221;default&#8221; global_colors_info=&#8221;{}&#8221;][et_pb_row _builder_version=&#8221;4.15.1&#8243; _module_preset=&#8221;default&#8221; global_colors_info=&#8221;{}&#8221;][et_pb_column type=&#8221;4_4&#8243; _builder_version=&#8221;4.15.1&#8243; _module_preset=&#8221;default&#8221; global_colors_info=&#8221;{}&#8221;][et_pb_text _builder_version=&#8221;4.15.1&#8243; _module_preset=&#8221;default&#8221; global_colors_info=&#8221;{}&#8221;]<\/p>\n<h1>Av\u00eds legal<\/h1>\n<p>El Sitio Web www.gestoriadelaguardia.com (en adelante, el \u201cSitio Web\u201d) es propiedad de DE LA GUARDIA GRUP D ASSESSORS, SL con CIF\/NIF B43419969 y domicilio social en PLA\u00c7A CATALUNYA, 2, 43201, REUS (TARRAGONA).<\/p>\n<p>DE LA GUARDIA GRUP D ASSESSORS, SL le da la bienvenida y le invita a leer atentamente las Condiciones Generales de Uso de este Sitio Web que describen los t\u00e9rminos y condiciones que ser\u00e1n aplicables a su navegaci\u00f3n por el mismo, de conformidad con lo establecido en la normativa espa\u00f1ola de aplicaci\u00f3n. Dado que DE LA GUARDIA GRUP D ASSESSORS, SL podr\u00eda modificar en el futuro estas Condiciones de Uso, le recomendamos que las visite peri\u00f3dicamente para estar debidamente informado de los cambios realizados.<\/p>\n<p>Con el \u00e1nimo de que el Sitio Web se ajuste a los criterios de transparencia , claridad y sencillez, DE LA GUARDIA GRUP D ASSESSORS, SL informa al Usuario que cualquier sugerencia , duda o consulta sobre las Condiciones Generales de Uso ser\u00e1 recibida y solucionada contactando a trav\u00e9s de la direcci\u00f3n de correo electr\u00f3nico laboral@gestoriadelaguardia.com<\/p>\n<h2>1. OBJETO<\/h2>\n<p>DE LA GUARDIA GRUP D ASSESSORS, SL suministra el contenido y los servicios que est\u00e1n disponibles en el sitio Web, con sujeci\u00f3n a las presentes Condiciones Generales de Uso as\u00ed como la pol\u00edtica sobre el tratamiento de datos personales (en adelante \u201cPol\u00edtica sobre Protecci\u00f3n de Datos\u201d). El acceso a este sitio Web o su utilizaci\u00f3n en cualquier forma le otorga la calificaci\u00f3n de Usuario e implica la aceptaci\u00f3n sin reservas de todas y cada una de las presentes Condiciones de Uso, reserv\u00e1ndose DE LA GUARDIA GRUP D ASSESSORS, SL el derecho a modificarlos en cualquier momento. En consecuencia, ser\u00e1 responsabilidad de todo Usuario la atenta lectura de las Condiciones Generales de Uso vigente en cada una de las ocasiones que acceda a este sitio Web, por lo que si \u00e9ste no est\u00e1 de acuerdo con cualquiera de los mismos aqu\u00ed dispuestos, deber\u00e1 abstenerse respecto al uso del presente Sitio Web.<\/p>\n<p>Asimismo, queda advertido de que, en ocasiones se podr\u00e1n establecer condiciones particulares para la utilizaci\u00f3n en el sitio Web de contenidos y\/o servicios espec\u00edficos, la utilizaci\u00f3n de dichos contenidos o servicios implicar\u00e1 la aceptaci\u00f3n de las condiciones particulares en ellos especificadas.<\/p>\n<h2>2. PRIVACIDAD Y TRATAMIENTO DE DATOS<\/h2>\n<p>Cuando para el acceso de determinados contenidos o servicios sea necesario facilitar datos de car\u00e1cter personal, los Usuarios garantizar\u00e1n su veracidad, exactitud, autenticidad y vigencia. DE LA GUARDIA GRUP D ASSESSORS, SL dar\u00e1 a dichos datos tratamiento automatizado que corresponda en funci\u00f3n de su naturaleza o finalidad, en los t\u00e9rminos indicados en la Secci\u00f3n de Pol\u00edtica de Protecci\u00f3n de Datos.<\/p>\n<h2>3. PROPIEDAD INDUSTRIAL E INTELECTUAL<\/h2>\n<p>El usuario reconoce y acepta que todos los contenidos que se muestran en el sitio Web y en especial, dise\u00f1os, textos, im\u00e1genes, logos, iconos, botones, software, nombres comerciales , marcas , o cualesquiera de los signos susceptibles de utilizaci\u00f3n industrial<\/p>\n<p>y\/o comercial est\u00e1n sujetos a derechos de propiedad intelectual y todas las marcas, nombres comerciales o signos distintivos, todos los derechos de propiedad intelectual e industrial, sobre los contenidos y\/o cualesquiera otros elementos insertados en la p\u00e1gina, son propiedad exclusiva de DE LA GUARDIA GRUP D ASSESSORS, SL y\/o terceros, quienes tienen derecho exclusivo de utilizarlos en el tr\u00e1fico econ\u00f3mico. Por todo ello el Usuario se compromete a no reproducir, copiar, distribuir, poner a disposici\u00f3n o cualquier otra forma de comunicar p\u00fablicamente, transformar o modificar tales contenidos manteniendo indemne a DE LA GUARDIA GRUP D ASSESSORS, SL de cualquier reclamaci\u00f3n que se derive del incumplimiento de tales obligaciones. En ning\u00fan caso el acceso al sitio Web implica ning\u00fan tipo de renuncia, transmisi\u00f3n, licencia o cesi\u00f3n total ni parcial de dichos derechos, salvo que se establezca expresamente lo contrario. Las presentes Condiciones Generales de Uso de este sitio Web no confieren a los Usuarios ning\u00fan otro tipo de derecho de utilizaci\u00f3n, explotaci\u00f3n, alteraci\u00f3n, reproducci\u00f3n, distribuci\u00f3n o comunicaci\u00f3n p\u00fablica del Sitio Web y\/o de sus contenidos distintos de los aqu\u00ed expresamente previstos. Cualquier otro uso o explotaci\u00f3n de cualquiera de los derechos estar\u00e1 sujeto a la previa y expresa autorizaci\u00f3n espec\u00edficamente otorgada a tal efecto por DE LA GUARDIA GRUP D ASSESSORS, SL o el tercero titular de los derechos afectados. Los contenidos, textos, fotograf\u00edas, dise\u00f1os, logotipos, im\u00e1genes, programas de ordenador, c\u00f3digos fuente y, en general, cualquier creaci\u00f3n intelectual existente en este sitio, as\u00ed como el propio sitio en su conjunto, como obra art\u00edstica multimedia, est\u00e1n protegidos como derechos de autor por la legislaci\u00f3n en materia de propiedad intelectual DE LA GUARDIA GRUP D ASSESSORS, SL es titular de los elementos que integran el dise\u00f1o gr\u00e1fico del Sitio Web, lo men\u00fas, botones de navegaci\u00f3n, el c\u00f3digo HTML, los textos, im\u00e1genes, texturas, gr\u00e1ficos y cualquier otro contenido del Sitio Web o, en cualquier caso dispone de la correspondiente autorizaci\u00f3n para la utilizaci\u00f3n de dichos elementos. El contenido dispuesto en el Sitio Web no podr\u00e1 ser reproducido ni en todo ni en parte, ni transmitido, ni registrado por ning\u00fan sistema de recuperaci\u00f3n de informaci\u00f3n, en ninguna forma ni en ning\u00fan medio, a menos que se cuente con la autorizaci\u00f3n previa, por escrito, de la citada Entidad. Asimismo queda prohibido suprimir, eludir o manipular el \u00abcopyright\u00bb as\u00ed como los dispositivos t\u00e9cnicos de protecci\u00f3n, o cualesquiera mecanismos de informaci\u00f3n que pudieren contener los contenidos. El Usuario de este Sitio Web se compromete a respetar los derechos enunciados y a evitar cualquier actuaci\u00f3n que pudiera perjudicarlos, reserv\u00e1ndose en todo caso DE LA GUARDIA GRUP D ASSESSORS, SL el ejercicio de cuantos medios o acciones legales le correspondan en defensa de sus leg\u00edtimos derechos de propiedad intelectual e industrial.<\/p>\n<h2>4. OBLIGACIONES Y RESPONSABILIDADES DEL USUARIO DEL SITIO WEB<\/h2>\n<p>El Usuario se compromete a:<\/p>\n<p>a) Hacer un uso adecuado y l\u00edcito del sitio Web as\u00ed como de los contenidos y servicios, de conformidad con:<\/p>\n<p>(I) la legislaci\u00f3n aplicable en cada momento;<\/p>\n<p>(II) las Condiciones Generales del Sitio Web;<\/p>\n<p>(III) la moral y buenas costumbres generalmente aceptadas y<\/p>\n<p>(IV) el orden p\u00fablico.<\/p>\n<p>b) Proveerse de todos los medios y requerimientos t\u00e9cnicos que se precisen para acceder al Sitio Web.<\/p>\n<p>c) Facilitar informaci\u00f3n veraz al cumplimentar con sus datos de car\u00e1cter personal los formularios contenidos en el Sitio Web y a mantenerlos actualizados en todo momento de forma que responda, en cada momento, a la situaci\u00f3n real del Usuario. El Usuario ser\u00e1 el \u00fanico responsable de las manifestaciones falsas o inexactas que realice y de los perjuicios que cause a DE LA GUARDIA GRUP D ASSESSORS, SL o a terceros por la informaci\u00f3n que facilite.<\/p>\n<p>No obstante lo establecido en el apartado anterior el Usuario deber\u00e1 asimismo abstenerse de:<\/p>\n<p>a) Hacer un uso no autorizado o fraudulento del Sitio Web y\/o de los contenidos con fines o efectos il\u00edcitos, prohibidos en las presentes Condiciones Generales de Uso, lesivos de los derechos e intereses de terceros, o que de cualquier forma puedan da\u00f1ar, inutilizar, sobrecargar, deteriorar o impedir la normal utilizaci\u00f3n de los servicios o los documentos, archivos y toda clase de contenidos almacenados en cualquier equipo inform\u00e1tico.<\/p>\n<p>b) Acceder o intentar acceder a recursos o \u00e1reas restringidas del Sitio Web, sin cumplir las condiciones exigidas para dicho acceso.<\/p>\n<p>c) Provocar da\u00f1os en los sistemas f\u00edsicos o l\u00f3gicos del Sitio Web, de sus proveedores o de terceros.<\/p>\n<p>d) Introducir o difundir en la red virus inform\u00e1ticos o cualesquiera otros sistemas f\u00edsicos o l\u00f3gicos que sean susceptibles de provocar da\u00f1os en los sistemas f\u00edsicos o l\u00f3gicos de DE LA GUARDIA GRUP D ASSESSORS, SL, de sus proveedores o de terceros.<\/p>\n<p>e) Intentar acceder, utilizar y\/o manipular los datos de DE LA GUARDIA GRUP D ASSESSORS, SL, terceros proveedores y otros Usuarios.<\/p>\n<p>f) Reproducir o copiar, distribuir, permitir el acceso del p\u00fablico a trav\u00e9s de cualquier modalidad de comunicaci\u00f3n p\u00fablica, transformar o modificar los contenidos, a menos que se cuente con la autorizaci\u00f3n del titular de los correspondientes derechos o ello resulte legalmente permitido.g) Suprimir, ocultar o manipular las notas sobre derechos de propiedad intelectual o industrial y dem\u00e1s datos identificativos de los derechos de DE LA GUARDIA GRUP D ASSESSORS, SL o de terceros incorporados a los contenidos, as\u00ed como los dispositivos t\u00e9cnicos de protecci\u00f3n o cualesquiera mecanismos de informaci\u00f3n que puedan insertarse en los contenidos.<\/p>\n<p>h) Obtener e intentar obtener los contenidos empleando para ello medios o procedimientos distintos de los que, seg\u00fan los casos, se hayan puesto a su disposici\u00f3n a este efecto o se hayan indicado expresamente en las p\u00e1ginas Web donde se encuentren los contenidos o, en general, de los que se empleen habitualmente en Internet por no entra\u00f1ar un riesgo de da\u00f1o o inutilizaci\u00f3n del Sitio Web y\/o de los contenidos.<\/p>\n<p>i) En particular, y a t\u00edtulo meramente indicativo y no exhaustivo, el Usuario se compromete a no transmitir, difundir o poner a disposici\u00f3n de terceros informaciones, datos, contenidos, mensajes, gr\u00e1ficos, dibujos, archivos de sonido y\/o imagen, fotograf\u00edas, grabaciones, software y, en general, cualquier clase de material que:<\/p>\n<p>(I) De cualquier forma sea contrario, menosprecie o atente contra los derechos fundamentales y las libertades p\u00fablicas reconocidas constitucionalmente, en los Tratados Internacionales y en el resto de la legislaci\u00f3n vigente.<\/p>\n<p>(II) Induzca, incite o promueva actuaciones delictivas, denigratorias, difamatorias, violentas o, en general, contrarias a la ley, a la moral, a las buenas costumbres generalmente aceptadas o al orden p\u00fablico.<\/p>\n<p>(III) Induzca, incite o promueva actuaciones, actitudes o pensamientos discriminatorios por raz\u00f3n de sexo, raza, religi\u00f3n, creencias, edad o condici\u00f3n.<\/p>\n<p>(IV) Incorpore, ponga a disposici\u00f3n o permita acceder a productos, elementos, mensajes y\/o servicios delictivos, violentos, ofensivos, nocivos, degradantes o, en general, contrarios a la ley, a la moral y a las buenas costumbres generalmente aceptadas o al orden p\u00fablico.<\/p>\n<p>(V) Induzca o pueda inducir a un estado inaceptable de ansiedad o temor.<\/p>\n<p>(VI) Induzca o incite a involucrarse en pr\u00e1cticas peligrosas, de riesgo o nocivas para la salud y el equilibrio ps\u00edquico.<\/p>\n<p>(VII) Se encuentra protegido por la legislaci\u00f3n en materia de protecci\u00f3n intelectual o industrial perteneciente a DE LA GUARDIA GRUP D ASSESSORS, SL o a terceros sin que haya sido autorizado el uso que se pretenda realizar.<\/p>\n<p>(VIII) Sea contrario al honor, a la intimidad personal y familiar o a la propia imagen de las personas.<\/p>\n<p>(IX) Constituya cualquier tipo de publicidad.<\/p>\n<p>(X) Incluya cualquier tipo de virus o programa que impida el normal funcionamiento del Sitio Web.<\/p>\n<p>Si para acceder a algunos de los servicios y\/o contenidos del Sitio Web, se le proporcionara una contrase\u00f1a, se obliga a usarla de manera diligente, manteni\u00e9ndola en todo momento en secreto. En consecuencia, ser\u00e1 responsable de su adecuada custodia y confidencialidad, comprometi\u00e9ndose a no cederla a terceros, de manera temporal o permanente, ni a permitir el acceso a los mencionados servicios y\/o contenidos por parte de personas ajenas. Igualmente, se obliga a notificar a DE LA GUARDIA GRUP D ASSESSORS, SL cualquier hecho que pueda suponer un uso indebido de su contrase\u00f1a, como, a t\u00edtulo enunciativo, su robo, extrav\u00edo o el acceso no autorizado, con el fin de proceder a su inmediata cancelaci\u00f3n. En consecuencia, mientras no efect\u00fae la notificaci\u00f3n anterior, DE LA GUARDIA GRUP D ASSESSORS, SL quedar\u00e1 eximido de cualquier responsabilidad que pudiera derivarse del uso indebido de su contrase\u00f1a, siendo de su responsabilidad cualquier utilizaci\u00f3n il\u00edcita de los contenidos y\/o servicios del Sitio Web por cualquier tercero ileg\u00edtimo.<\/p>\n<p>Si de manera negligente o dolosa incumpliera cualquiera de las obligaciones establecidas en las presentes Condiciones Generales de Uso, responder\u00e1 por todos los da\u00f1os y perjuicios que de dicho incumplimiento pudieran derivarse para DE LA GUARDIA GRUP D ASSESSORS, SL<\/p>\n<h2>5. RESPONSABILIDADES<\/h2>\n<p>DE LA GUARDIA GRUP D ASSESSORS, SL no garantiza el acceso continuado, ni la correcta visualizaci\u00f3n, descarga o utilidad de los elementos e informaciones contenidas en las p\u00e1ginas, que pueden verse impedidos, dificultados o interrumpidos por factores o circunstancias que est\u00e1n fuera de su control.<\/p>\n<p>DE LA GUARDIA GRUP D ASSESSORS, SL no se hace responsable de las decisiones que pudieran adoptarse como consecuencia del acceso a los contenidos o informaciones ofrecidas.<\/p>\n<p>DE LA GUARDIA GRUP D ASSESSORS, SL podr\u00e1 interrumpir el servicio o resolver de modo inmediato la relaci\u00f3n con el Usuario si detecta un uso de su Sitio Web o de cualquiera de los servicios ofertados en el mismo son contrarios a las presentes condiciones Generales de Uso.<\/p>\n<p>DE LA GUARDIA GRUP D ASSESSORS, SL no se hace responsable por da\u00f1os, perjuicios, p\u00e9rdidas, reclamaciones o gastos derivados del uso del Sitio Web. \u00danicamente ser\u00e1 responsable de eliminar, lo antes posible, los contenidos que puedan generar tales perjuicios, siempre que as\u00ed se notifique. En especial no ser\u00e1 responsable de los perjuicios que se pudieran derivar, entre otros, de:<\/p>\n<p>(I) Interferencias, interrupciones, fallos, omisiones, aver\u00edas telef\u00f3nicas, retrasos, bloqueos o desconexiones en el funcionamiento del sistema electr\u00f3nico, motivadas por deficiencias, sobrecargas y errores en las l\u00edneas y redes de telecomunicaciones, o por cualquier otra causa ajena al control de DE LA GUARDIA GRUP D ASSESSORS, SL.<\/p>\n<p>(II) Intromisiones ileg\u00edtimas mediante el uso de programas malignos de cualquier tipo y a trav\u00e9s de cualquier medio de comunicaci\u00f3n, tales como virus inform\u00e1ticos o cualesquiera otros.<\/p>\n<p>(III) Abuso indebido o inadecuado del Sitio Web.<\/p>\n<p>(IV) Errores de seguridad o navegaci\u00f3n producidos por un mal funcionamiento del navegador o por el uso de versiones no actualizadas del mismo.<\/p>\n<p>Los administradores de DE LA GUARDIA GRUP D ASSESSORS, SL se reservan el derecho de retirar, total o parcialmente, cualquier contenido o informaci\u00f3n presente en el Sitio Web.<\/p>\n<p>DE LA GUARDIA GRUP D ASSESSORS, SL excluye cualquier responsabilidad por los da\u00f1os y perjuicios de toda naturaleza que pudieran deberse a la mala utilizaci\u00f3n de los servicios de libre disposici\u00f3n y uso por parte de los Usuarios del Sitio Web. Asimismo, DE LA GUARDIA GRUP D ASSESSORS, SL queda exonerado de cualquier responsabilidad por el contenido e informaciones que puedan ser recibidas como consecuencia de los formularios de recogida de datos, estando los mismos \u00fanicamente para la prestaci\u00f3n de los servicios de consultas y dudas. Por otro lado, en caso de causar da\u00f1os y perjuicios por un uso il\u00edcito o incorrecto<\/p>\n<p>de dichos servicios, podr\u00e1 ser el usuario reclamado por DE LA GUARDIA GRUP D ASSESSORS, SL de los da\u00f1os o perjuicios causados.<\/p>\n<p>Usted defender\u00e1, indemnizar\u00e1 y mantendr\u00e1 a DE LA GUARDIA GRUP D ASSESSORS, SL indemne frente a cualesquiera da\u00f1os y perjuicios que se deriven de reclamaciones, acciones o demandas de terceros como consecuencia de su acceso o uso del Sitio Web. Asimismo, usted se obliga a indemnizar a DE LA GUARDIA GRUP D ASSESSORS, SL frente a cualesquiera da\u00f1os y perjuicios, que se deriven del uso por su parte de \u201crobots\u201d, \u201cspiders\u201d, \u201ccrawlers\u201d o herramientas similares empleadas con el fin de recabar o extraer datos o de cualquier otra actuaci\u00f3n por su parte que imponga una carga irrazonable sobre el funcionamiento del Sitio Web.<\/p>\n<h2>6. HIPERV\u00cdNCULOS<\/h2>\n<p>El usuario se obliga a no reproducir de ning\u00fan modo, ni siquiera mediante un hiperenlace o hiperv\u00ednculo, el Sitio Web de DE LA GUARDIA GRUP D ASSESSORS, SL as\u00ed como ninguno de sus contenidos, salvo autorizaci\u00f3n expresa y por escrito de DE LA GUARDIA GRUP D ASSESSORS, SL<\/p>\n<p>El Sitio Web de DE LA GUARDIA GRUP D ASSESSORS, SL incluye enlaces a otras sitios Web gestionados por terceros, con objeto de facilitar el acceso del Usuario a la informaci\u00f3n de empresas colaboradoras y\/o patrocinadoras. Conforme con ello, DE LA GUARDIA GRUP D ASSESSORS, SL no se responsabiliza del contenido de dichos sitios Web, ni se sit\u00faa en una posici\u00f3n de garante ni\/o de parte ofertante de los servicios y\/o informaci\u00f3n que se puedan ofrecer a terceros a trav\u00e9s de los enlaces de terceros.<\/p>\n<p>Se concede al usuario un derecho limitado, revocable y no exclusivo a crear enlaces a la p\u00e1gina principal del Sitio Web exclusivamente para uso privado y no comercial. Los sitios Web que incluyan enlace a nuestro Sitio Web:<\/p>\n<p>(i) no podr\u00e1n dar a entender que DE LA GUARDIA GRUP D ASSESSORS, SL recomienda ese sitio Web o sus servicios o productos;<\/p>\n<p>(ii) no podr\u00e1n falsear su relaci\u00f3n con DE LA GUARDIA GRUP D ASSESSORS, SL ni afirmar que DE LA GUARDIA GRUP D ASSESSORS, SL ha autorizado tal enlace, ni incluir marcas, denominaciones, nombres comerciales, logotipos u otros signos distintivos de DE LA GUARDIA GRUP D ASSESSORS, SL;<\/p>\n<p>(iii) no podr\u00e1n incluir contenidos que puedan considerarse de mal gusto, obscenos, ofensivos, controvertidos, que inciten a la violencia o la discriminaci\u00f3n por raz\u00f3n de sexo, raza o religi\u00f3n, contrarios al orden p\u00fablico o il\u00edcito;<\/p>\n<p>(iv) no podr\u00e1n enlazar a ninguna p\u00e1gina del Sitio Web distinta de la p\u00e1gina principal;<\/p>\n<p>(v) deber\u00e1 enlazar con la propia direcci\u00f3n del Sitio Web, sin permitir que el sitio Web que realice el enlace reproduzca el Sitio Web como parte de su Web o dentro de uno de sus \u201cframes\u201d o crear un \u201cbrowser\u201d sobre cualquiera de las p\u00e1ginas del Sitio Web.<\/p>\n<p>DE LA GUARDIA GRUP D ASSESSORS, SL podr\u00e1 solicitar, en cualquier momento, que elimine cualquier enlace al Sitio Web, despu\u00e9s<\/p>\n<p>de lo cual deber\u00e1 proceder de inmediato a su eliminaci\u00f3n. DE LA GUARDIA GRUP D ASSESSORS, SL no puede controlar la informaci\u00f3n, contenidos, productos o servicios facilitados por otros sitios Web que tengan establecidos enlaces con destino al Sitio<\/p>\n<p>Web.<\/p>\n<p>En consecuencia, DE LA GUARDIA GRUP D ASSESSORS, SL no asume ning\u00fan tipo de responsabilidad por cualquier aspecto relativo a tales sitios Web.<\/p>\n<h2>7. PROTECCI\u00d3N DE DATOS<\/h2>\n<p>Para utilizar algunos de los Servicios, los Usuarios deben proporcionar previamente ciertos datos de car\u00e1cter personal. Para ello, DE LA GUARDIA GRUP D ASSESSORS, SL tratar\u00e1 automatizadamente los Datos Personales en cumplimiento con la Ley 15\/1999 de 13 de diciembre de Protecci\u00f3n de Datos de Car\u00e1cter Personal y el RD de desarrollo 1720\/2007. Para ello, el Usuario puede acceder a la pol\u00edtica seguida en el tratamiento de los datos personales as\u00ed como el establecimiento de las finalidades previamente establecidas, a lo dispuesto en las condiciones definidas en la Pol\u00edtica de Protecci\u00f3n de Datos que presenta el Sitio Web.<\/p>\n<p>&nbsp;<\/p>\n<h2>8. COOKIES<\/h2>\n<p>DE LA GUARDIA GRUP D ASSESSORS, SL se reserva el derecho de utilizar la tecnolog\u00eda \u201ccookie\u201d en el Sitio Web, a fin de reconocerlo como Usuario frecuente y personalizar el uso que realice del Sitio Web mediante la preselecci\u00f3n de su idioma, o contenidos m\u00e1s deseados o espec\u00edficos. Las \u201ccookies\u201d utilizadas por el Sitio Web, o el tercero que act\u00fae en su nombre, se asocian \u00fanicamente con un usuario an\u00f3nimo y su ordenador, y no proporcionan por s\u00ed los datos personales del usuario.<\/p>\n<p>Las cookies son ficheros enviados a un navegador por medio de un servidor Web para registrar la navegaci\u00f3n del Usuario en el Sitio Web, cuando el Usuario permita su recepci\u00f3n. A su vez podr\u00e1 eliminar las \u201ccookies\u201d para lo cual deber\u00e1 consultar las instrucciones de uso de su navegador.<\/p>\n<p>Gracias a las cookies, resulta posible que DE LA GUARDIA GRUP D ASSESSORS, SL reconozca el navegador del ordenador utilizado por el Usuario con la finalidad de facilitar contenidos y ofrecer las preferencias de navegaci\u00f3n u publicitarias que el Usuario, a los perfiles demogr\u00e1ficos de los Usuarios as\u00ed como para medir las visitas y par\u00e1metros del tr\u00e1fico, controlar el progreso y n\u00famero de entradas.<\/p>\n<h2>9. DURACI\u00d3N Y TERMINACI\u00d3N<\/h2>\n<p>La prestaci\u00f3n del servicio del presente Sitio Web y los dem\u00e1s servicios tienen en principio una duraci\u00f3n indefinida. No obstante, DE LA GUARDIA GRUP D ASSESSORS, SL podr\u00e1 dar por terminada o suspender cualquiera de los servicios del portal. Cuando sea ello posible, DE LA GUARDIA GRUP D ASSESSORS, SL anunciar\u00e1 la terminaci\u00f3n o suspensi\u00f3n de la prestaci\u00f3n del servicio determinado.<\/p>\n<p>&nbsp;<\/p>\n<h2>10. DECLARACIONES Y GARANT\u00cdAS<\/h2>\n<p>En general, los contenidos y servicios ofrecidos en el Sitio Web tienen car\u00e1cter meramente informativo. Por consiguiente, al ofrecerlos, DE LA GUARDIA GRUP D ASSESSORS, SL no otorga garant\u00eda ni declaraci\u00f3n alguna en relaci\u00f3n con los contenidos y servicios ofrecidos en el Sitio Web, incluyendo, a t\u00edtulo enunciativo, garant\u00edas de licitud, fiabilidad, utilidad, veracidad, exactitud, o comerciabilidad, salvo en la medida en que por ley no puedan excluirse tales declaraciones y garant\u00edas.<\/p>\n<h2>11. FUERZA MAYOR<\/h2>\n<p>DE LA GUARDIA GRUP D ASSESSORS, SL no ser\u00e1 responsable en todo en caso de imposibilidad de prestar servicio, si \u00e9sta se debe a interrupciones prolongadas del suministro el\u00e9ctrico, l\u00edneas de telecomunicaciones, conflictos sociales, huelgas, rebeli\u00f3n, explosiones, inundaciones, actos y omisiones del Gobierno, y en general todos los supuestos de fuerza mayor o de caso fortuito.<\/p>\n<h2>12. RESOLUCI\u00d3N DE CONTROVERSIAS. LEY APLICABLE Y JURISDICCI\u00d3N<\/h2>\n<p>Las presentes Condiciones Generales, as\u00ed como el uso del Sitio Web, se regir\u00e1n por la legislaci\u00f3n espa\u00f1ola. En el supuesto de que cualquier estipulaci\u00f3n de las presentes Condiciones Generales resultara inexigible o nula en virtud de la legislaci\u00f3n aplicable o como consecuencia de una resoluci\u00f3n judicial o administrativa, dicha inexigibilidad o nulidad no har\u00e1 que las presentes Condiciones Generales resulten inexigibles o nulas en su conjunto. En dichos casos, DE LA GUARDIA GRUP D ASSESSORS, SL proceder\u00e1 a la modificaci\u00f3n o sustituci\u00f3n de dicha estipulaci\u00f3n por otra que sea v\u00e1lida y exigible y que, en la medida de lo posible, consiga el objetivo y pretensi\u00f3n reflejados en la estipulaci\u00f3n original.[\/et_pb_text][\/et_pb_column][\/et_pb_row][\/et_pb_section]<\/p>\n","protected":false},"excerpt":{"rendered":"<p>Av\u00eds legal El Sitio Web www.gestoriadelaguardia.com (en adelante, el \u201cSitio Web\u201d) es propiedad de DE LA GUARDIA GRUP D ASSESSORS, SL con CIF\/NIF B43419969 y domicilio social en PLA\u00c7A CATALUNYA, 2, 43201, REUS (TARRAGONA). DE LA GUARDIA GRUP D ASSESSORS, SL le da la bienvenida y le invita a leer atentamente las Condiciones Generales de [&hellip;]<\/p>\n","protected":false},"author":1,"featured_media":0,"parent":0,"menu_order":0,"comment_status":"closed","ping_status":"closed","template":"","meta":{"_et_pb_use_builder":"on","_et_pb_old_content":"","_et_gb_content_width":"","footnotes":""},"class_list":["post-2514","page","type-page","status-publish","hentry"],"_links":{"self":[{"href":"https:\/\/www.gestoriadelaguardia.com\/ca\/wp-json\/wp\/v2\/pages\/2514","targetHints":{"allow":["GET"]}}],"collection":[{"href":"https:\/\/www.gestoriadelaguardia.com\/ca\/wp-json\/wp\/v2\/pages"}],"about":[{"href":"https:\/\/www.gestoriadelaguardia.com\/ca\/wp-json\/wp\/v2\/types\/page"}],"author":[{"embeddable":true,"href":"https:\/\/www.gestoriadelaguardia.com\/ca\/wp-json\/wp\/v2\/users\/1"}],"replies":[{"embeddable":true,"href":"https:\/\/www.gestoriadelaguardia.com\/ca\/wp-json\/wp\/v2\/comments?post=2514"}],"version-history":[{"count":0,"href":"https:\/\/www.gestoriadelaguardia.com\/ca\/wp-json\/wp\/v2\/pages\/2514\/revisions"}],"wp:attachment":[{"href":"https:\/\/www.gestoriadelaguardia.com\/ca\/wp-json\/wp\/v2\/media?parent=2514"}],"curies":[{"name":"wp","href":"https:\/\/api.w.org\/{rel}","templated":true}]}}