{"id":2502,"date":"2022-06-10T12:18:36","date_gmt":"2022-06-10T10:18:36","guid":{"rendered":"https:\/\/www.gestoriadelaguardia.com\/advocat-josep-palleja\/"},"modified":"2022-08-03T13:44:12","modified_gmt":"2022-08-03T11:44:12","slug":"advocat-josep-palleja","status":"publish","type":"page","link":"https:\/\/www.gestoriadelaguardia.com\/ca\/advocat-josep-palleja\/","title":{"rendered":"Advocat Josep Pallej\u00e0"},"content":{"rendered":"<p>[et_pb_section fb_built=&#8221;1&#8243; _builder_version=&#8221;4.16&#8243; _module_preset=&#8221;default&#8221; custom_padding=&#8221;0px||0px||true|false&#8221; global_colors_info=&#8221;{}&#8221;][et_pb_row _builder_version=&#8221;4.16&#8243; use_background_color_gradient=&#8221;on&#8221; background_color_gradient_stops=&#8221;rgba(255,255,255,0.62) 0%|rgba(255,255,255,0.6) 100%&#8221; background_color_gradient_overlays_image=&#8221;on&#8221; background_color_gradient_start=&#8221;rgba(255,255,255,0.62)&#8221; background_color_gradient_end=&#8221;rgba(255,255,255,0.6)&#8221; background_image=&#8221;https:\/\/www.gestoriadelaguardia.com\/wp-content\/uploads\/2022\/04\/asesoramiento-juridico-legal.jpg&#8221; background_repeat=&#8221;repeat&#8221; width=&#8221;100%&#8221; max_width=&#8221;2560px&#8221; height=&#8221;60vh&#8221; max_height=&#8221;60vh&#8221; custom_css_main_element=&#8221;display:flex;||justify-content:center;||align-items:center;||align-content:center;&#8221; global_colors_info=&#8221;{}&#8221;][et_pb_column type=&#8221;4_4&#8243; _builder_version=&#8221;4.16&#8243; _module_preset=&#8221;default&#8221; global_colors_info=&#8221;{}&#8221;][et_pb_text _builder_version=&#8221;4.16&#8243; _module_preset=&#8221;default&#8221; text_font=&#8221;|||on|||||&#8221; text_font_size=&#8221;48px&#8221; text_line_height=&#8221;1.4em&#8221; text_orientation=&#8221;center&#8221; max_width=&#8221;800px&#8221; module_alignment=&#8221;center&#8221; global_colors_info=&#8221;{}&#8221;]Assessorament jur\u00eddic i legal. Som advocats[\/et_pb_text][\/et_pb_column][\/et_pb_row][\/et_pb_section][et_pb_section fb_built=&#8221;1&#8243; _builder_version=&#8221;4.16&#8243; width=&#8221;100%&#8221; max_width=&#8221;100%&#8221; custom_padding=&#8221;0px||0px||true|false&#8221; global_colors_info=&#8221;{}&#8221;][et_pb_row _builder_version=&#8221;4.16&#8243; _module_preset=&#8221;default&#8221; width=&#8221;75%&#8221; global_colors_info=&#8221;{}&#8221;][et_pb_column type=&#8221;4_4&#8243; _builder_version=&#8221;4.16&#8243; _module_preset=&#8221;default&#8221; global_colors_info=&#8221;{}&#8221;][et_pb_text _builder_version=&#8221;4.16&#8243; _module_preset=&#8221;default&#8221; text_font=&#8221;|700|||||||&#8221; header_2_font=&#8221;|600||on|||||&#8221; header_2_font_size=&#8221;32px&#8221; custom_margin=&#8221;||8px||false|false&#8221; custom_padding=&#8221;||0px||false|false&#8221; global_colors_info=&#8221;{}&#8221;]<\/p>\n<h2>Advocat<\/h2>\n<p>[\/et_pb_text][et_pb_divider color=&#8221;#0E0E0E&#8221; divider_weight=&#8221;2px&#8221; _builder_version=&#8221;4.16&#8243; _module_preset=&#8221;default&#8221; custom_margin=&#8221;0px||0px||true|false&#8221; global_colors_info=&#8221;{}&#8221;][\/et_pb_divider][et_pb_text _builder_version=&#8221;4.16&#8243; _module_preset=&#8221;default&#8221; text_font=&#8221;||||||||&#8221; text_text_color=&#8221;#000000&#8243; text_font_size=&#8221;16px&#8221; global_colors_info=&#8221;{}&#8221;]Josep Pallej\u00e0, advocat en exercici n\u00fam. 684 de l&#8217;Il\u00b7lustre Col\u00b7legi d&#8217;Advocats de Reus, i n\u00fam. 1794 de l&#8217;Il\u00b7lustre Col\u00b7legi d&#8217;Advocats de Tarragona, decideix l&#8217;any 1997, obrir despatx a Reus, orientant-lo des dels inicis a la prestaci\u00f3 de serveis d&#8217;assessorament jur\u00eddic i legal per a empreses i al recobrament judicial d&#8217;impagats.<\/p>\n<p>Des de llavors, el despatx ha experimentat un creixement constant i sostingut, format actualment per un equip de professionals, ampliant les seves \u00e0rees de pr\u00e0ctica i consolidant-se com a despatx de refer\u00e8ncia a l&#8217;\u00e0mbit empresarial, actuant i prestant els serveis a empreses de diferents sectors.[\/et_pb_text][\/et_pb_column][\/et_pb_row][et_pb_row column_structure=&#8221;1_2,1_2&#8243; make_equal=&#8221;on&#8221; _builder_version=&#8221;4.16&#8243; _module_preset=&#8221;default&#8221; width=&#8221;75%&#8221; custom_margin=&#8221;||||false|false&#8221; custom_padding=&#8221;0px||||false|false&#8221; global_colors_info=&#8221;{}&#8221;][et_pb_column type=&#8221;1_2&#8243; _builder_version=&#8221;4.16&#8243; _module_preset=&#8221;default&#8221; global_colors_info=&#8221;{}&#8221;][et_pb_text _builder_version=&#8221;4.16&#8243; _module_preset=&#8221;default&#8221; text_font=&#8221;||||||||&#8221; text_text_color=&#8221;#000000&#8243; text_font_size=&#8221;16px&#8221; global_colors_info=&#8221;{}&#8221;]\/ Contenci\u00f3s<br \/>\n\/ Mercantil<br \/>\n\/ Concursal i dret d&#8217;insolv\u00e8ncies<br \/>\n\/ Civil<br \/>\n\/ Contractaci\u00f3<br \/>\n\/ Administratiu<br \/>\n\/ Fundacions privades[\/et_pb_text][\/et_pb_column][et_pb_column type=&#8221;1_2&#8243; _builder_version=&#8221;4.16&#8243; _module_preset=&#8221;default&#8221; custom_css_main_element=&#8221;display:flex;||flex-flow:column nowrap;||justify-content:center;||align-items:center;||align-content:center;&#8221; global_colors_info=&#8221;{}&#8221;][et_pb_image src=&#8221;https:\/\/www.gestoriadelaguardia.com\/wp-content\/uploads\/2022\/04\/palleja-abogado.png&#8221; title_text=&#8221;palleja-advocat&#8221; _builder_version=&#8221;4.17.6&#8243; _module_preset=&#8221;default&#8221; module_alignment=&#8221;center&#8221; max_height=&#8221;100px&#8221; hover_enabled=&#8221;0&#8243; global_colors_info=&#8221;{}&#8221; url=&#8221;https:\/\/palleja.com\/&#8221; url_new_window=&#8221;on&#8221; sticky_enabled=&#8221;0&#8243; align=&#8221;center&#8221;][\/et_pb_image][et_pb_text _builder_version=&#8221;4.17.6&#8243; _module_preset=&#8221;default&#8221; link_font=&#8221;||on||||||&#8221; hover_enabled=&#8221;0&#8243; sticky_enabled=&#8221;0&#8243;]<\/p>\n<p><span style=\"text-decoration: underline;\"><a href=\"https:\/\/palleja.com\/\" target=\"_blank\" rel=\"noopener\">Web palleja.com<\/a><\/span><\/p>\n<p>[\/et_pb_text][\/et_pb_column][\/et_pb_row][\/et_pb_section][et_pb_section fb_built=&#8221;1&#8243; _builder_version=&#8221;4.17.6&#8243; _module_preset=&#8221;default&#8221; background_color=&#8221;#809AB8&#8243; custom_padding=&#8221;0px||0px||true|false&#8221; global_module=&#8221;889&#8243; saved_tabs=&#8221;all&#8221; global_colors_info=&#8221;{}&#8221;][et_pb_row use_custom_gutter=&#8221;on&#8221; gutter_width=&#8221;2&#8243; _builder_version=&#8221;4.16&#8243; _module_preset=&#8221;default&#8221; width=&#8221;90%&#8221; max_width=&#8221;2560px&#8221; custom_padding=&#8221;16px||16px||true|false&#8221; global_colors_info=&#8221;{}&#8221;][et_pb_column type=&#8221;4_4&#8243; _builder_version=&#8221;4.16&#8243; _module_preset=&#8221;default&#8221; global_colors_info=&#8221;{}&#8221;][et_pb_text _builder_version=&#8221;4.17.6&#8243; _module_preset=&#8221;default&#8221; header_2_font=&#8221;|||on|||||&#8221; header_2_text_align=&#8221;center&#8221; header_2_text_color=&#8221;#FFFFFF&#8221; header_2_font_size=&#8221;36px&#8221; custom_margin=&#8221;1em||2em||false|false&#8221; locked=&#8221;off&#8221; global_colors_info=&#8221;{}&#8221; custom_padding__hover_enabled=&#8221;on|desktop&#8221;]<\/p>\n<h2>Poseu-vos en contacte amb nosaltres<\/h2>\n<p>[\/et_pb_text][et_pb_text _builder_version=&#8221;4.16&#8243; _module_preset=&#8221;default&#8221; global_colors_info=&#8221;{}&#8221;]<\/p>\n<div role=\"form\" class=\"wpcf7\" id=\"wpcf7-f3282-o1\" lang=\"ca\" dir=\"ltr\">\n<div class=\"screen-reader-response\"><p role=\"status\" aria-live=\"polite\" aria-atomic=\"true\"><\/p> <ul><\/ul><\/div>\n<form action=\"\/ca\/wp-json\/wp\/v2\/pages\/2502#wpcf7-f3282-o1\" method=\"post\" class=\"wpcf7-form init\" novalidate=\"novalidate\" data-status=\"init\">\n<div style=\"display: none;\">\n<input type=\"hidden\" name=\"_wpcf7\" value=\"3282\" \/>\n<input type=\"hidden\" name=\"_wpcf7_version\" value=\"5.6.1\" \/>\n<input type=\"hidden\" name=\"_wpcf7_locale\" value=\"ca\" \/>\n<input type=\"hidden\" name=\"_wpcf7_unit_tag\" value=\"wpcf7-f3282-o1\" \/>\n<input type=\"hidden\" name=\"_wpcf7_container_post\" value=\"0\" \/>\n<input type=\"hidden\" name=\"_wpcf7_posted_data_hash\" value=\"\" \/>\n<input type=\"hidden\" name=\"_wpcf7_recaptcha_response\" value=\"\" \/>\n<\/div>\n<div id=\"custom-form\" class=\"row\">\n<div class=\"col-campos\">\n<div class=\"campo campo-nombre\">\n\t\t\t<span class=\"wpcf7-form-control-wrap\" data-name=\"nombre\"><input type=\"text\" name=\"nombre\" value=\"\" size=\"40\" class=\"wpcf7-form-control wpcf7-text wpcf7-validates-as-required nombre\" id=\"nombre\" aria-required=\"true\" aria-invalid=\"false\" placeholder=\"Nom*\" \/><\/span>\n\t\t<\/div>\n<div class=\"campo campo-empresa\">\n\t\t\t<span class=\"wpcf7-form-control-wrap\" data-name=\"empresa\"><input type=\"text\" name=\"empresa\" value=\"\" size=\"40\" class=\"wpcf7-form-control wpcf7-text wpcf7-validates-as-required empresa\" id=\"empresa\" aria-required=\"true\" aria-invalid=\"false\" placeholder=\"Empresa*\" \/><\/span>\n\t\t<\/div>\n<div class=\"campo campo-email\">\n\t\t\t<span class=\"wpcf7-form-control-wrap\" data-name=\"email\"><input type=\"text\" name=\"email\" value=\"\" size=\"40\" class=\"wpcf7-form-control wpcf7-text wpcf7-validates-as-required email\" id=\"email\" aria-required=\"true\" aria-invalid=\"false\" placeholder=\"Email*\" \/><\/span>\n\t\t<\/div>\n<div class=\"campo campo-telefono\">\n\t\t\t<span class=\"wpcf7-form-control-wrap\" data-name=\"telefono\"><input type=\"text\" name=\"telefono\" value=\"\" size=\"40\" class=\"wpcf7-form-control wpcf7-text wpcf7-validates-as-required telefono\" id=\"telefono\" aria-required=\"true\" aria-invalid=\"false\" placeholder=\"Tel\u00e8fon*\" \/><\/span>\n\t\t<\/div>\n<div class=\"campo campo-oficinas\">\n<div class=\"\">\n\t\t\t\t<span class=\"wpcf7-form-control-wrap\" data-name=\"oficina\"><span class=\"wpcf7-form-control wpcf7-checkbox wpcf7-validates-as-required wpcf7-exclusive-checkbox\"><span class=\"wpcf7-list-item first\"><label><input type=\"checkbox\" name=\"oficina\" value=\"Contactar amb l&#039;oficina de Reus\" \/><span class=\"wpcf7-list-item-label\">Contactar amb l&#039;oficina de Reus<\/span><\/label><\/span><span class=\"wpcf7-list-item last\"><label><input type=\"checkbox\" name=\"oficina\" value=\"Contactar amb l&#039;oficina de Vila-Seca\" \/><span class=\"wpcf7-list-item-label\">Contactar amb l&#039;oficina de Vila-Seca<\/span><\/label><\/span><\/span><\/span>\n\t\t\t<\/div>\n<\/div>\n<\/div>\n<div class=\"col-mensaje\">\n<div class=\"campo campo-mensaje\">\n\t\t\t<span class=\"wpcf7-form-control-wrap\" data-name=\"Mensaje\"><textarea name=\"Mensaje\" cols=\"40\" rows=\"10\" class=\"wpcf7-form-control wpcf7-textarea wpcf7-validates-as-required mensaje\" id=\"mensaje\" aria-required=\"true\" aria-invalid=\"false\" placeholder=\"Missatge\"><\/textarea><\/span>\n\t\t<\/div>\n<div class=\"campo campo-rgpd campo-enviar\">\n<div class=\"campo rgpd\">\n\t\t\t<span class=\"wpcf7-form-control-wrap\" data-name=\"rgpd\"><span class=\"wpcf7-form-control wpcf7-acceptance\"><span class=\"wpcf7-list-item\"><label><input type=\"checkbox\" name=\"rgpd\" value=\"1\" aria-invalid=\"false\" id=\"rgpd\" \/><span class=\"wpcf7-list-item-label\">Accepto la pol\u00edtica de privacitat*. Informaci\u00f3 b\u00e0sica sobre protecci\u00f3 de dades.<\/span><\/label><\/span><\/span><\/span>\n\t\t\t<\/div>\n<div class=\"campo enviar\">\n\t\t\t<input type=\"submit\" value=\"Enviar\" class=\"wpcf7-form-control has-spinner wpcf7-submit et_pb_button et_pb_button_1 et_pb_bg_layout_light\" id=\"enviar\" \/>\n\t\t\t<\/div>\n<\/div>\n<\/div>\n<\/div>\n<p><script>\ndocument.addEventListener( 'wpcf7mailsent', function( event ) {\n  location = 'https:\/\/www.gestoriadelaguardia.com\/ca\/gracies-per-contactar\/';\n}, false );\n<\/script><\/p>\n<input type='hidden' class='wpcf7-pum' value='{\"closepopup\":false,\"closedelay\":0,\"openpopup\":false,\"openpopup_id\":0}' \/><div class=\"wpcf7-response-output\" aria-hidden=\"true\"><\/div><\/form><\/div>\n<p>[\/et_pb_text][\/et_pb_column][\/et_pb_row][\/et_pb_section][et_pb_section fb_built=&#8221;1&#8243; module_id=&#8221;quienesSomos&#8221; _builder_version=&#8221;4.15.1&#8243; _module_preset=&#8221;default&#8221; custom_padding=&#8221;||||false|false&#8221; global_module=&#8221;897&#8243; saved_tabs=&#8221;all&#8221; global_colors_info=&#8221;{}&#8221;][et_pb_row _builder_version=&#8221;4.16&#8243; _module_preset=&#8221;default&#8221; use_background_color_gradient=&#8221;on&#8221; background_color_gradient_direction=&#8221;90deg&#8221; background_color_gradient_stops=&#8221;rgba(255,255,255,0.9) 0%|rgba(255,255,255,0.9) 100%&#8221; background_color_gradient_start=&#8221;rgba(255,255,255,0.9)&#8221; background_color_gradient_end=&#8221;rgba(255,255,255,0.9)&#8221; background_image=&#8221;https:\/\/www.gestoriadelaguardia.com\/wp-content\/uploads\/2022\/04\/colegio-asesores-logo.png&#8221; background_size=&#8221;contain&#8221; background_blend=&#8221;lighten&#8221; width=&#8221;90%&#8221; max_width=&#8221;2560px&#8221; global_colors_info=&#8221;{}&#8221;][et_pb_column type=&#8221;4_4&#8243; _builder_version=&#8221;4.16&#8243; _module_preset=&#8221;default&#8221; global_colors_info=&#8221;{}&#8221;][et_pb_text _builder_version=&#8221;4.16&#8243; _module_preset=&#8221;default&#8221; text_font_size=&#8221;18px&#8221; header_2_font=&#8221;|||on|||||&#8221; header_2_text_align=&#8221;center&#8221; header_2_text_color=&#8221;#303030&#8243; header_2_font_size=&#8221;36px&#8221; header_2_line_height=&#8221;1.8em&#8221; text_orientation=&#8221;center&#8221; width=&#8221;80%&#8221; module_alignment=&#8221;center&#8221; custom_margin=&#8221;1em||2em||false|false&#8221; global_colors_info=&#8221;{}&#8221; custom_padding__hover_enabled=&#8221;on|desktop&#8221;]<\/p>\n<h2>Gestoria de la guardia, Qui som<\/h2>\n<p>Som una empresa de serveis professionals, amb oficines a Reus i Vila-seca, especialitzada en l&#8217;assessorament d&#8217;empreses i aut\u00f2noms i tramitaci\u00f3 d&#8217;assumptes<br \/>\ndavant de l&#8217;administraci\u00f3 p\u00fablica i la Direcci\u00f3 General de Tr\u00e0nsit des del 1956.<\/p>\n<p>El nostre equip hum\u00e0 est\u00e0 format per professionals qualificats, col\u00b7legiats i<br \/>\nacreditats. La seva constant formaci\u00f3, per con\u00e8ixer totes les normatives i les seves<br \/>\ncanvis, els permet transmetre correctament la informaci\u00f3 al client i actualitzar-los<br \/>\nserveis en benefici dels nostres clients.[\/et_pb_text][\/et_pb_column][\/et_pb_row][\/et_pb_section]<\/p>\n","protected":false},"excerpt":{"rendered":"<p>Assessorament jur\u00eddic i legal. Som advocatsAdvocatJosep Pallej\u00e0, advocat en exercici n\u00fam. 684 de l&#8217;Il\u00b7lustre Col\u00b7legi d&#8217;Advocats de Reus, i n\u00fam. 1794 de l&#8217;Il\u00b7lustre Col\u00b7legi d&#8217;Advocats de Tarragona, decideix l&#8217;any 1997, obrir despatx a Reus, orientant-lo des dels inicis a la prestaci\u00f3 de serveis d&#8217;assessorament jur\u00eddic i legal per a empreses i al recobrament judicial d&#8217;impagats. [&hellip;]<\/p>\n","protected":false},"author":1,"featured_media":0,"parent":0,"menu_order":0,"comment_status":"closed","ping_status":"closed","template":"","meta":{"_et_pb_use_builder":"on","_et_pb_old_content":"","_et_gb_content_width":"","footnotes":""},"class_list":["post-2502","page","type-page","status-publish","hentry"],"_links":{"self":[{"href":"https:\/\/www.gestoriadelaguardia.com\/ca\/wp-json\/wp\/v2\/pages\/2502","targetHints":{"allow":["GET"]}}],"collection":[{"href":"https:\/\/www.gestoriadelaguardia.com\/ca\/wp-json\/wp\/v2\/pages"}],"about":[{"href":"https:\/\/www.gestoriadelaguardia.com\/ca\/wp-json\/wp\/v2\/types\/page"}],"author":[{"embeddable":true,"href":"https:\/\/www.gestoriadelaguardia.com\/ca\/wp-json\/wp\/v2\/users\/1"}],"replies":[{"embeddable":true,"href":"https:\/\/www.gestoriadelaguardia.com\/ca\/wp-json\/wp\/v2\/comments?post=2502"}],"version-history":[{"count":3,"href":"https:\/\/www.gestoriadelaguardia.com\/ca\/wp-json\/wp\/v2\/pages\/2502\/revisions"}],"predecessor-version":[{"id":3419,"href":"https:\/\/www.gestoriadelaguardia.com\/ca\/wp-json\/wp\/v2\/pages\/2502\/revisions\/3419"}],"wp:attachment":[{"href":"https:\/\/www.gestoriadelaguardia.com\/ca\/wp-json\/wp\/v2\/media?parent=2502"}],"curies":[{"name":"wp","href":"https:\/\/api.w.org\/{rel}","templated":true}]}}