{"id":2480,"date":"2022-06-10T12:26:49","date_gmt":"2022-06-10T10:26:49","guid":{"rendered":"https:\/\/www.gestoriadelaguardia.com\/certificat-digital\/"},"modified":"2022-06-21T00:25:19","modified_gmt":"2022-06-20T22:25:19","slug":"certificat-digital","status":"publish","type":"page","link":"https:\/\/www.gestoriadelaguardia.com\/ca\/certificat-digital\/","title":{"rendered":"Certificat digital"},"content":{"rendered":"<p>[et_pb_section fb_built=&#8221;1&#8243; _builder_version=&#8221;4.15.1&#8243; _module_preset=&#8221;default&#8221; custom_padding=&#8221;0px||0px||true|false&#8221; global_colors_info=&#8221;{}&#8221;][et_pb_row _builder_version=&#8221;4.15.1&#8243; use_background_color_gradient=&#8221;on&#8221; background_color_gradient_start=&#8221;rgba(255,255,255,0.62)&#8221; background_color_gradient_end=&#8221;rgba(255,255,255,0.6)&#8221; background_color_gradient_overlays_image=&#8221;on&#8221; background_image=&#8221;https:\/\/www.gestoriadelaguardia.com\/wp-content\/uploads\/2022\/04\/certificado-digital.jpg&#8221; background_repeat=&#8221;repeat&#8221; width=&#8221;100%&#8221; max_width=&#8221;2560px&#8221; height=&#8221;60vh&#8221; max_height=&#8221;60vh&#8221; custom_css_main_element=&#8221;display:flex;||justify-content:center;||align-items:center;||align-content:center;&#8221; global_colors_info=&#8221;{}&#8221;][et_pb_column type=&#8221;4_4&#8243; _builder_version=&#8221;4.15.1&#8243; _module_preset=&#8221;default&#8221; global_colors_info=&#8221;{}&#8221;][et_pb_text _builder_version=&#8221;4.15.1&#8243; _module_preset=&#8221;default&#8221; text_font=&#8221;|||on|||||&#8221; text_font_size=&#8221;48px&#8221; text_line_height=&#8221;1.4em&#8221; text_orientation=&#8221;center&#8221; max_width=&#8221;800px&#8221; module_alignment=&#8221;center&#8221; global_colors_info=&#8221;{}&#8221;]Experts en tramitaci\u00f3 i cust\u00f2dia de certificat digital[\/et_pb_text][\/et_pb_column][\/et_pb_row][\/et_pb_section][et_pb_section fb_built=&#8221;1&#8243; _builder_version=&#8221;4.15.1&#8243; width=&#8221;100%&#8221; max_width=&#8221;100%&#8221; custom_padding=&#8221;0px||0px||true|false&#8221; global_colors_info=&#8221;{}&#8221;][et_pb_row _builder_version=&#8221;4.15.1&#8243; _module_preset=&#8221;default&#8221; width=&#8221;75%&#8221; global_colors_info=&#8221;{}&#8221;][et_pb_column type=&#8221;4_4&#8243; _builder_version=&#8221;4.15.1&#8243; _module_preset=&#8221;default&#8221; global_colors_info=&#8221;{}&#8221;][et_pb_text _builder_version=&#8221;4.15.1&#8243; _module_preset=&#8221;default&#8221; text_font=&#8221;|700|||||||&#8221; header_2_font=&#8221;|600||on|||||&#8221; header_2_font_size=&#8221;32px&#8221; custom_margin=&#8221;||8px||false|false&#8221; custom_padding=&#8221;||0px||false|false&#8221; global_colors_info=&#8221;{}&#8221;]<\/p>\n<h2>Certificat digital<\/h2>\n<p>[\/et_pb_text][et_pb_divider color=&#8221;#0E0E0E&#8221; divider_weight=&#8221;2px&#8221; _builder_version=&#8221;4.15.1&#8243; _module_preset=&#8221;default&#8221; custom_margin=&#8221;0px||0px||true|false&#8221; global_colors_info=&#8221;{}&#8221;][\/et_pb_divider][et_pb_text _builder_version=&#8221;4.15.1&#8243; _module_preset=&#8221;default&#8221; text_font=&#8221;||||||||&#8221; text_text_color=&#8221;#000000&#8243; text_font_size=&#8221;16px&#8221; header_3_font=&#8221;|700|||||||&#8221; header_3_font_size=&#8221;18px&#8221; header_3_line_height=&#8221;1.5em&#8221; header_4_font=&#8221;|600|||||||&#8221; header_4_line_height=&#8221;1.5em&#8221; custom_margin=&#8221;||||false|false&#8221; global_colors_info=&#8221;{}&#8221;]A De La Guardia Grup d&#8217;Assessors som experts en identificaci\u00f3 digital.<\/p>\n<p>Oferim el servei de Tramitaci\u00f3 i cust\u00f2dia de certificat digita per a particulars, empreses, entitats i aut\u00f2noms.<\/p>\n<h3>Qu\u00e8 \u00e9s un Certificat Digital?<\/h3>\n<p>Un Certificat Digital \u00e9s un instrument didentificaci\u00f3 personal electr\u00f2nic i que<br \/>\nfunciona mitjan\u00e7ant eines inform\u00e0tiques, tauletes o telefonia i amb connexi\u00f3 a internet.<\/p>\n<p>La definici\u00f3 de la Comissi\u00f3 Europea al reglament eIDAS de \u201ccertificat de<br \/>\nsignatura electr\u00f2nica\u201d \u00e9s: \u201c<em>Una declaraci\u00f3 electr\u00f2nica que vincula les dades de<\/em><br \/>\n<em>validaci\u00f3 d&#8217;una signatura amb una persona f\u00edsica i confirma la seva identitat<\/em><br \/>\n<em>persona<\/em>\u201d.<\/p>\n<h3>Per qu\u00e8 serveix un Certificat Digital?<\/h3>\n<p>Serveix per comunicar-se i realitzar tr\u00e0mits de forma segura i fefaent, a l&#8217;entorn<br \/>\nelectr\u00f2nic, tant pel sector privat com amb les administracions p\u00fabliques, garantint aix\u00ed l&#8217;autenticitat de la identitat de l&#8217;usuari.<\/p>\n<h3>Qu\u00e8 garanteix l\u00fas del Certificat Digital?<\/h3>\n<p><strong>L&#8217;autenticaci\u00f3<\/strong>: La identitat de l&#8217;emissor i el receptor de la informaci\u00f3.<\/p>\n<p><strong>La integritat de la transacci\u00f3<\/strong>: el missatge no ha estat manipulat durant l&#8217;enviament.<\/p>\n<p><strong>La confidencialitat<\/strong>: que nom\u00e9s l\u201femissor i el receptor vegin la informaci\u00f3.<\/p>\n<p><strong>Comprom\u00eds o no repudi<\/strong>: Que el receptor de la signatura obtingui les evid\u00e8ncies suficients per provar la relaci\u00f3 entre el signant i les dades signades.[\/et_pb_text][\/et_pb_column][\/et_pb_row][et_pb_row _builder_version=&#8221;4.15.1&#8243; _module_preset=&#8221;default&#8221; width=&#8221;75%&#8221; module_alignment=&#8221;center&#8221; custom_margin=&#8221;||||false|false&#8221; custom_padding=&#8221;|0px|||false|false&#8221; global_colors_info=&#8221;{}&#8221;][et_pb_column type=&#8221;4_4&#8243; _builder_version=&#8221;4.15.1&#8243; _module_preset=&#8221;default&#8221; global_colors_info=&#8221;{}&#8221;][et_pb_toggle title=&#8221;Tipus de certificats digitals&#8221; open_toggle_text_color=&#8221;#FFFFFF&#8221; open_toggle_background_color=&#8221;RGBA(255,255,255,0)&#8221; closed_toggle_background_color=&#8221;RGBA(255,255,255,0)&#8221; icon_color=&#8221;#FFFFFF&#8221; toggle_icon=&#8221;&#x3f;||divi||400&#8243; use_icon_font_size=&#8221;on&#8221; icon_font_size=&#8221;22px&#8221; open_icon_color=&#8221;#FFFFFF&#8221; open_toggle_icon=&#8221;&#x3e;||divi||400&#8243; open_use_icon_font_size=&#8221;on&#8221; open_icon_font_size=&#8221;28px&#8221; _builder_version=&#8221;4.15.1&#8243; _module_preset=&#8221;default&#8221; title_text_color=&#8221;#FFFFFF&#8221; title_level=&#8221;h3&#8243; title_font=&#8221;|||on|||||&#8221; title_font_size=&#8221;32px&#8221; title_line_height=&#8221;1.5em&#8221; body_text_color=&#8221;#0E0E0E&#8221; module_alignment=&#8221;center&#8221; custom_padding=&#8221;|0px||0px|false|true&#8221; custom_css_toggle_title=&#8221;background-color:#003372;||padding:.5em;||border-radius:10px;&#8221; custom_css_toggle_icon=&#8221;padding:0 .5em;&#8221; custom_css_toggle_content=&#8221;background-color:#e3e9f0;||padding:1em 2em;||margin-top:16px;&#8221; border_width_all=&#8221;0px&#8221; border_color_all=&#8221;RGBA(255,255,255,0)&#8221; global_colors_info=&#8221;{}&#8221;]Per fer tr\u00e0mits per internet amb les administracions p\u00fabliques, cal<br \/>\nidentificar-se i, en alguns casos, tamb\u00e9 signar. Cada administraci\u00f3 p\u00fablica decideix<br \/>\nquins sistemes didentificaci\u00f3 admet per a cada tr\u00e0mit.<\/p>\n<h4>Sistemes de clau concertada com l&#8217;idCAT M\u00f2bil<\/h4>\n<p>Basat en una contrasenya d&#8217;un sol \u00fas que arriba a un tel\u00e8fon m\u00f2bil.<\/p>\n<p>Nom\u00e9s habilitat per a persones f\u00edsiques. De r\u00e0pida creaci\u00f3 i tramitaci\u00f3, i nom\u00e9s h\u00e0bil i adm\u00e8s per funcionar amb administracions de la GENCAT.<\/p>\n<h4>Sistemes basats en certificats electr\u00f2nics reconeguts o qualificats com \u00e9s l&#8217;idCAT<\/h4>\n<p>Amb els certificats electr\u00f2nics s&#8217;assegura la integritat i la confidencialitat de les dades que es fan arribar a l&#8217;Administraci\u00f3. V\u00e0lid en aquest cas per signatura de PDF&#8217;s. Per instal\u00b7laci\u00f3 en un ordinador. Nom\u00e9s h\u00e0bil i adm\u00e8s per funcionar amb administracions de la GENCAT.<\/p>\n<h4><strong>Clave PIN<\/strong><\/h4>\n<p>Nom\u00e9s habilitat per \u00fas de persones f\u00edsiques. No permet signatura de<br \/>\ndocuments PDF. Per \u00fas amb lAdministraci\u00f3 p\u00fablica central.<\/p>\n<h4><strong>Certificat Digital FNMT<\/strong><\/h4>\n<p>El Certificat Digital de la FNMT us permetr\u00e0 realitzar tr\u00e0mits de forma segura amb totes les administracions p\u00fabliques i entitats privades a trav\u00e9s d&#8217;Internet. D\u00b4\u00fas universal per a totes les administracions. Acc\u00e9s directe a tota la informaci\u00f3 del seu titular ia totes les administracions.<\/p>\n<h4><strong>SigaCert<\/strong><\/h4>\n<p>Certificat em\u00e8s per\u00a0<em>Gestor\u00edas<\/em>\u00a0amb conveni amb administracions p\u00fabliques.<\/p>\n<p>Per persones f\u00edsiques i entitats. I nom\u00e9s per treballar des de les gestories. Reconegut per les administracions p\u00fabliques, permetr\u00e0 fer qualsevol tr\u00e0mit davant seu.<\/p>\n<p>A la nostra gestoria ens encarreguem de tramitar el certificat que millor s&#8217;adeq\u00fci a les seves necessitats, i si escau, custodiar-lo i rebre les notificacions electr\u00f2niques que les administracions p\u00fabliques dirigeixen al titular del certificat.[\/et_pb_toggle][\/et_pb_column][\/et_pb_row][\/et_pb_section][et_pb_section fb_built=&#8221;1&#8243; _builder_version=&#8221;4.15.1&#8243; _module_preset=&#8221;default&#8221; background_color=&#8221;#809AB8&#8243; custom_padding=&#8221;0px||0px||true|false&#8221; global_module=&#8221;889&#8243; global_colors_info=&#8221;{}&#8221;][et_pb_row column_structure=&#8221;3_5,2_5&#8243; use_custom_gutter=&#8221;on&#8221; gutter_width=&#8221;2&#8243; _builder_version=&#8221;4.15.1&#8243; _module_preset=&#8221;default&#8221; width=&#8221;90%&#8221; max_width=&#8221;2560px&#8221; custom_padding=&#8221;16px||16px||true|false&#8221; custom_css_main_element=&#8221;display:flex;||flex-flow:row wrap;||align-items:center;||justify-content:center;&#8221; global_colors_info=&#8221;{}&#8221;][et_pb_column type=&#8221;3_5&#8243; _builder_version=&#8221;4.15.1&#8243; _module_preset=&#8221;default&#8221; custom_css_main_element=&#8221;display:flex;||flex-flow:row wrap;||justify-content:center;||align-items:center;&#8221; global_colors_info=&#8221;{}&#8221;][et_pb_contact_form captcha=&#8221;off&#8221; email=&#8221;info@gestoriadelaguardia.com&#8221; title=&#8221;Poseu-vos en contacte amb nosaltres&#8221; custom_message=&#8221;Aquest \u00e9s un email enviat de manera autom\u00e0tica des de la p\u00e0gina web de GESTORIA DE LA GU\u00c0RDIA. ||et_pb_line_break_holder||||et_pb_line_break_holder||Les dades de la consulta s\u00f3n les seg\u00fcents:||et_pb_line_break_holder||||et_pb_line_break_holder||Nom: %%nom%%||et_pb_line_break_holder| et_pb_line_break_holder||Email: %%email%%||et_pb_line_break_holder||Tel\u00e8fon: %%telefono%%||et_pb_line_break_holder||Missatge: %%mensaje%%||et_pb_line_break_holder||Oficina| |RGPD? %%rgpd%% (1 significa accepta; 0 significa NO accepta)||et_pb_line_break_holder||||et_pb_line_break_holder||&#8211;||et_pb_line_break_holder||Aquest \u00e9s un email enviat de manera autom\u00e0tica. Assegureu-vos de respondre a %%email%%.&#8221; use_redirect=&#8221;on&#8221; redirect_url=&#8221;https:\/\/www.gestoriadelaguardia.com\/gracias-por-su-mensaje\/&#8221; success_message=&#8221;El vostre missatge ha estat enviat. Moltes gr\u00e0cies.&#8221; submit_button_text=&#8221;Enviar&#8221; module_id=&#8221;contacto&#8221; _builder_version=&#8221;4.15.1&#8243; _module_preset=&#8221;default&#8221; _unique_id=&#8221;9e257b8c-30f5-4e04-9fcb-e0380a22041d&#8221; form_field_background_color=&#8221;RGBA(255,255,255,0)&#8221; form_field_text_color=&#8221;#FFFFFF&#8221; form_field_custom_margin=&#8221;4px||4px||true|false&#8221; form_field_custom_padding=&#8221;4px||4px||true|false&#8221; title_level=&#8221;h3&#8243; title_font=&#8221;|||on|||||&#8221; title_text_align=&#8221;left&#8221; title_text_color=&#8221;#FFFFFF&#8221; title_font_size=&#8221;32px&#8221; title_line_height=&#8221;1.5em&#8221; captcha_text_color=&#8221;#FFFFFF&#8221; form_field_font_size=&#8221;12px&#8221; form_field_line_height=&#8221;1.5em&#8221; custom_button=&#8221;on&#8221; button_text_size=&#8221;16px&#8221; button_border_radius=&#8221;10px&#8221; button_custom_margin=&#8221;16px||||false|false&#8221; width=&#8221;100%&#8221; module_alignment=&#8221;center&#8221; custom_margin=&#8221;||||false|false&#8221; custom_padding=&#8221;||||false|true&#8221; title_text_align_tablet=&#8221;center&#8221; title_text_align_phone=&#8221;center&#8221; title_text_align_last_edited=&#8221;on|desktop&#8221; custom_css_text_field=&#8221;min-height:100px;&#8221; border_radii=&#8221;on|5px|5px|5px|5px&#8221; border_width_all=&#8221;1px&#8221; border_color_all=&#8221;#FFFFFF&#8221; global_colors_info=&#8221;{}&#8221; title_text_color__hover_enabled=&#8221;on|desktop&#8221; title_text_color__hover=&#8221;#FFFFFF&#8221;][et_pb_contact_field field_id=&#8221;nombre&#8221; field_title=&#8221;Nom*&#8221; _builder_version=&#8221;4.15.1&#8243; global_colors_info=&#8221;{}&#8221; button_text_size__hover_enabled=&#8221;off&#8221; button_one_text_size__hover_enabled=&#8221;off&#8221; button_two_text_size__hover_enabled=&#8221;off&#8221; button_text_color__hover_enabled=&#8221;off&#8221; button_one_text_color__hover_enabled=&#8221;off&#8221; button_two_text_color__hover_enabled=&#8221;off&#8221; button_border_width__hover_enabled=&#8221;off&#8221; button_one_border_width__hover_enabled=&#8221;off&#8221; button_two_border_width__hover_enabled=&#8221;off&#8221; button_border_color__hover_enabled=&#8221;off&#8221; button_one_border_color__hover_enabled=&#8221;off&#8221; button_two_border_color__hover_enabled=&#8221;off&#8221; button_border_radius__hover_enabled=&#8221;off&#8221; button_one_border_radius__hover_enabled=&#8221;off&#8221; button_two_border_radius__hover_enabled=&#8221;off&#8221; button_letter_spacing__hover_enabled=&#8221;off&#8221; button_one_letter_spacing__hover_enabled=&#8221;off&#8221; button_two_letter_spacing__hover_enabled=&#8221;off&#8221; button_bg_color__hover_enabled=&#8221;off&#8221; button_one_bg_color__hover_enabled=&#8221;off&#8221; button_two_bg_color__hover_enabled=&#8221;off&#8221;][\/et_pb_contact_field][et_pb_contact_field field_id=&#8221;empresa&#8221; field_title=&#8221;Empresa&#8221; required_mark=&#8221;off&#8221; _builder_version=&#8221;4.15.1&#8243; _module_preset=&#8221;default&#8221; global_colors_info=&#8221;{}&#8221;][\/et_pb_contact_field][et_pb_contact_field field_id=&#8221;email&#8221; field_title=&#8221;Email*&#8221; field_type=&#8221;email&#8221; _builder_version=&#8221;4.15.1&#8243; global_colors_info=&#8221;{}&#8221; button_text_size__hover_enabled=&#8221;off&#8221; button_one_text_size__hover_enabled=&#8221;off&#8221; button_two_text_size__hover_enabled=&#8221;off&#8221; button_text_color__hover_enabled=&#8221;off&#8221; button_one_text_color__hover_enabled=&#8221;off&#8221; button_two_text_color__hover_enabled=&#8221;off&#8221; button_border_width__hover_enabled=&#8221;off&#8221; button_one_border_width__hover_enabled=&#8221;off&#8221; button_two_border_width__hover_enabled=&#8221;off&#8221; button_border_color__hover_enabled=&#8221;off&#8221; button_one_border_color__hover_enabled=&#8221;off&#8221; button_two_border_color__hover_enabled=&#8221;off&#8221; button_border_radius__hover_enabled=&#8221;off&#8221; button_one_border_radius__hover_enabled=&#8221;off&#8221; button_two_border_radius__hover_enabled=&#8221;off&#8221; button_letter_spacing__hover_enabled=&#8221;off&#8221; button_one_letter_spacing__hover_enabled=&#8221;off&#8221; button_two_letter_spacing__hover_enabled=&#8221;off&#8221; button_bg_color__hover_enabled=&#8221;off&#8221; button_one_bg_color__hover_enabled=&#8221;off&#8221; button_two_bg_color__hover_enabled=&#8221;off&#8221;][\/et_pb_contact_field][et_pb_contact_field field_id=&#8221;telefono&#8221; field_title=&#8221;Tel\u00e8fon*&#8221; _builder_version=&#8221;4.15.1&#8243; _module_preset=&#8221;default&#8221; global_colors_info=&#8221;{}&#8221;][\/et_pb_contact_field][et_pb_contact_field field_id=&#8221;mensaje&#8221; field_title=&#8221;Missatge&#8221; field_type=&#8221;text&#8221; _builder_version=&#8221;4.15.1&#8243; height_last_edited=&#8221;off|desktop&#8221; custom_margin=&#8221;||||false|false&#8221; custom_padding=&#8221;4px||||false|false&#8221; global_colors_info=&#8221;{}&#8221; button_text_size__hover_enabled=&#8221;off&#8221; button_one_text_size__hover_enabled=&#8221;off&#8221; button_two_text_size__hover_enabled=&#8221;off&#8221; button_text_color__hover_enabled=&#8221;off&#8221; button_one_text_color__hover_enabled=&#8221;off&#8221; button_two_text_color__hover_enabled=&#8221;off&#8221; button_border_width__hover_enabled=&#8221;off&#8221; button_one_border_width__hover_enabled=&#8221;off&#8221; button_two_border_width__hover_enabled=&#8221;off&#8221; button_border_color__hover_enabled=&#8221;off&#8221; button_one_border_color__hover_enabled=&#8221;off&#8221; button_two_border_color__hover_enabled=&#8221;off&#8221; button_border_radius__hover_enabled=&#8221;off&#8221; button_one_border_radius__hover_enabled=&#8221;off&#8221; button_two_border_radius__hover_enabled=&#8221;off&#8221; button_letter_spacing__hover_enabled=&#8221;off&#8221; button_one_letter_spacing__hover_enabled=&#8221;off&#8221; button_two_letter_spacing__hover_enabled=&#8221;off&#8221; button_bg_color__hover_enabled=&#8221;off&#8221; button_one_bg_color__hover_enabled=&#8221;off&#8221; button_two_bg_color__hover_enabled=&#8221;off&#8221; height__hover_enabled=&#8221;off|desktop&#8221;][\/et_pb_contact_field][et_pb_contact_field field_id=&#8221;oficina&#8221; field_title=&#8221; &#8221; field_type=&#8221;radio&#8221; radio_options=&#8221;%91{%22value%22:%22Contactar amb oficina de Legan\u00e9s%22,%22checked%22:0,%22dragID%22:-1},{%22value%22:%22Contactar amb l&#8217;oficina de Reus%22,%22checked%22:0,%22dragID%22:0},{%22value%22:%22Contactar amb l&#8217;oficina de Vila-Seca%22,%22checked%22:0,%22dragID%22:1}%93&#8243; _builder_version=&#8221;4.15.1&#8243; _module_preset=&#8221;default&#8221; form_field_background_color=&#8221;RGBA(255,255,255,0)&#8221; form_field_text_color=&#8221;#FFFFFF&#8221; custom_css_main_element=&#8221;display:flex;||flex-flow:column nowrap;||justify-content:center;||&#8221; global_colors_info=&#8221;{}&#8221;][\/et_pb_contact_field][et_pb_contact_field field_id=&#8221;rgpd&#8221; field_title=&#8221; &#8221; field_type=&#8221;checkbox&#8221; checkbox_options=&#8221;%91{%22value%22:%22Accepto la pol\u00edtica de privadesa*. Informaci\u00f3 b\u00e0sica sobre protecci\u00f3 de dades.%22,%22checked%22:0,%22dragID%22:-1}%93&#8243; _builder_version=&#8221;4.15.1&#8243; _module_preset=&#8221;default&#8221; custom_margin=&#8221;||||false|false&#8221; custom_padding=&#8221;4px||||false|false&#8221; global_colors_info=&#8221;{}&#8221;][\/et_pb_contact_field][\/et_pb_contact_form][\/et_pb_column][et_pb_column type=&#8221;2_5&#8243; _builder_version=&#8221;4.15.1&#8243; _module_preset=&#8221;default&#8221; custom_padding=&#8221;|1em||1em|false|true&#8221; custom_css_main_element=&#8221;display:flex;||flex-flow:row wrap;||justify-content:space-around;||align-items:flex-start;||align-content:flex-start;&#8221; border_radii=&#8221;on|10px|10px|10px|10px&#8221; border_width_all=&#8221;1px&#8221; border_color_all=&#8221;#FFFFFF&#8221; global_colors_info=&#8221;{}&#8221;][et_pb_text _builder_version=&#8221;4.15.1&#8243; _module_preset=&#8221;default&#8221; text_font_size=&#8221;12px&#8221; text_line_height=&#8221;1.3em&#8221; header_3_font=&#8221;|||on|||||&#8221; header_3_font_size=&#8221;16px&#8221; text_orientation=&#8221;center&#8221; background_layout=&#8221;dark&#8221; custom_margin=&#8221;0px||0px||true|false&#8221; custom_padding=&#8221;1em||1em||true|false&#8221; custom_css_main_element=&#8221;flex:0 0 50%;&#8221; border_color_bottom=&#8221;RGBA(255,255,255,0)&#8221; global_colors_info=&#8221;{}&#8221;]<\/p>\n<h3>Oficina Legan\u00e9s<\/h3>\n<p>C\/ Madrid 17<br \/>\n28912 Legan\u00e9s (Madrid)<br \/>\nT. 91 159 51 15[\/et_pb_text][et_pb_text _builder_version=&#8221;4.15.1&#8243; _module_preset=&#8221;default&#8221; text_font_size=&#8221;12px&#8221; text_line_height=&#8221;1.3em&#8221; header_3_font=&#8221;|||on|||||&#8221; header_3_font_size=&#8221;16px&#8221; text_orientation=&#8221;center&#8221; background_layout=&#8221;dark&#8221; custom_margin=&#8221;0px||0px||true|false&#8221; custom_padding=&#8221;1em||1em||true|false&#8221; custom_css_main_element=&#8221;flex:0 0 50%;&#8221; border_color_bottom=&#8221;RGBA(255,255,255,0)&#8221; global_colors_info=&#8221;{}&#8221;]<\/p>\n<h3>Oficina Reus<\/h3>\n<p>Passeig Prim, 1<br \/>\n43201 Reus. (Tarragona)<br \/>\nT.977 34 49 52[\/et_pb_text][et_pb_text content_tablet=&#8221;<\/p>\n<h3>Oficina Vila-Seca<\/h3>\n<p>C\/ Francesc Mart\u00ed i Padr\u00f3, 4<br \/>43480 Vila-Seca (Tarragona)<br \/>T.977 91 47 16<\/p>\n<p>&#8221; content_phone=&#8221;<\/p>\n<h3>Oficina Vila-Seca<\/h3>\n<p>C\/ Francesc Mart\u00ed Padr\u00f3, 4<br \/>43480 Vila-Seca (Tarragona)<br \/>T.977 91 47 16<\/p>\n<p>&#8221; content_last_edited=&#8221;on|phone&#8221; _builder_version=&#8221;4.15.1&#8243; _module_preset=&#8221;default&#8221; text_font_size=&#8221;12px&#8221; text_line_height=&#8221;1.3em&#8221; header_3_font=&#8221;|||on|||||&#8221; header_3_font_size=&#8221;16px&#8221; text_orientation=&#8221;center&#8221; background_layout=&#8221;dark&#8221; custom_margin=&#8221;0px||0px||true|false&#8221; custom_padding=&#8221;1em||1em||true|false&#8221; custom_css_main_element=&#8221;flex:0 0 50%;&#8221; border_color_bottom=&#8221;RGBA(255,255,255,0)&#8221; global_colors_info=&#8221;{}&#8221;]<\/p>\n<h3>Oficina Vila-Seca<\/h3>\n<p>C\/ Francesc Mart\u00ed i Padr\u00f3, 4<br \/>\n43480 Vila-Seca (Tarragona)<br \/>\nT.977 91 47 16[\/et_pb_text][et_pb_text _builder_version=&#8221;4.15.1&#8243; _module_preset=&#8221;default&#8221; text_font_size=&#8221;12px&#8221; text_line_height=&#8221;1.3em&#8221; header_3_font=&#8221;|||on|||||&#8221; header_3_font_size=&#8221;16px&#8221; text_orientation=&#8221;center&#8221; background_layout=&#8221;dark&#8221; custom_margin=&#8221;0px||0px||true|false&#8221; custom_padding=&#8221;1em||1em||true|false&#8221; custom_css_main_element=&#8221;flex:0 0 50%;&#8221; border_color_bottom=&#8221;RGBA(255,255,255,0)&#8221; global_colors_info=&#8221;{}&#8221;]<\/p>\n<h3>Horari<\/h3>\n<p>Dv a Jv 09.00 a 14.00 i 16.00 a 18.00<br \/>\nDv 09.00 a 15.00[\/et_pb_text][\/et_pb_column][\/et_pb_row][\/et_pb_section][et_pb_section fb_built=&#8221;1&#8243; module_id=&#8221;quienesSomos&#8221; _builder_version=&#8221;4.15.1&#8243; _module_preset=&#8221;default&#8221; custom_padding=&#8221;||||false|false&#8221; global_module=&#8221;897&#8243; global_colors_info=&#8221;{}&#8221;][et_pb_row _builder_version=&#8221;4.15.1&#8243; _module_preset=&#8221;default&#8221; use_background_color_gradient=&#8221;on&#8221; background_color_gradient_start=&#8221;rgba(255,255,255,0.9)&#8221; background_color_gradient_end=&#8221;rgba(255,255,255,0.9)&#8221; background_color_gradient_direction=&#8221;90deg&#8221; background_image=&#8221;https:\/\/www.gestoriadelaguardia.com\/wp-content\/uploads\/2022\/04\/colegio-asesores-logo.png&#8221; background_size=&#8221;contain&#8221; background_blend=&#8221;lighten&#8221; width=&#8221;90%&#8221; max_width=&#8221;2560px&#8221; global_colors_info=&#8221;{}&#8221;][et_pb_column type=&#8221;4_4&#8243; _builder_version=&#8221;4.15.1&#8243; _module_preset=&#8221;default&#8221; global_colors_info=&#8221;{}&#8221;][et_pb_text _builder_version=&#8221;4.15.1&#8243; _module_preset=&#8221;default&#8221; text_font_size=&#8221;18px&#8221; header_2_font=&#8221;|||on|||||&#8221; header_2_text_align=&#8221;center&#8221; header_2_text_color=&#8221;#303030&#8243; header_2_font_size=&#8221;36px&#8221; header_2_line_height=&#8221;1.8em&#8221; text_orientation=&#8221;center&#8221; width=&#8221;80%&#8221; module_alignment=&#8221;center&#8221; custom_margin=&#8221;1em||2em||false|false&#8221; global_colors_info=&#8221;{}&#8221; custom_padding__hover_enabled=&#8221;on|desktop&#8221;]<\/p>\n<h2>Gestoria de la Guardia, Qui som<\/h2>\n<p>Som una empresa de serveis professionals, amb oficines a Reus i Vila-seca, especialitzada en l&#8217;assessorament d&#8217;empreses i aut\u00f2noms i tramitaci\u00f3 d&#8217;assumptes<br \/>\ndavant de l&#8217;administraci\u00f3 p\u00fablica i la Direcci\u00f3 General de Tr\u00e0nsit des del 1956.<\/p>\n<p>El nostre equip hum\u00e0 est\u00e0 format per professionals qualificats, col\u00b7legiats i<br \/>\nacreditats. La seva constant formaci\u00f3, per con\u00e8ixer totes les normatives i les seves<br \/>\ncanvis, els permet transmetre correctament la informaci\u00f3 al client i actualitzar-los<br \/>\nserveis en benefici dels nostres clients.[\/et_pb_text][\/et_pb_column][\/et_pb_row][\/et_pb_section]<\/p>\n","protected":false},"excerpt":{"rendered":"<p>Experts en tramitaci\u00f3 i cust\u00f2dia de certificat digitalCertificat digitalA De La Guardia Grup d&#8217;Assessors som experts en identificaci\u00f3 digital. Oferim el servei de Tramitaci\u00f3 i cust\u00f2dia de certificat digita per a particulars, empreses, entitats i aut\u00f2noms. Qu\u00e8 \u00e9s un Certificat Digital? Un Certificat Digital \u00e9s un instrument didentificaci\u00f3 personal electr\u00f2nic i que funciona mitjan\u00e7ant eines [&hellip;]<\/p>\n","protected":false},"author":1,"featured_media":0,"parent":0,"menu_order":0,"comment_status":"closed","ping_status":"closed","template":"","meta":{"_et_pb_use_builder":"on","_et_pb_old_content":"","_et_gb_content_width":"","footnotes":""},"class_list":["post-2480","page","type-page","status-publish","hentry"],"_links":{"self":[{"href":"https:\/\/www.gestoriadelaguardia.com\/ca\/wp-json\/wp\/v2\/pages\/2480","targetHints":{"allow":["GET"]}}],"collection":[{"href":"https:\/\/www.gestoriadelaguardia.com\/ca\/wp-json\/wp\/v2\/pages"}],"about":[{"href":"https:\/\/www.gestoriadelaguardia.com\/ca\/wp-json\/wp\/v2\/types\/page"}],"author":[{"embeddable":true,"href":"https:\/\/www.gestoriadelaguardia.com\/ca\/wp-json\/wp\/v2\/users\/1"}],"replies":[{"embeddable":true,"href":"https:\/\/www.gestoriadelaguardia.com\/ca\/wp-json\/wp\/v2\/comments?post=2480"}],"version-history":[{"count":0,"href":"https:\/\/www.gestoriadelaguardia.com\/ca\/wp-json\/wp\/v2\/pages\/2480\/revisions"}],"wp:attachment":[{"href":"https:\/\/www.gestoriadelaguardia.com\/ca\/wp-json\/wp\/v2\/media?parent=2480"}],"curies":[{"name":"wp","href":"https:\/\/api.w.org\/{rel}","templated":true}]}}