{"id":2409,"date":"2022-06-10T12:33:20","date_gmt":"2022-06-10T10:33:20","guid":{"rendered":"https:\/\/www.gestoriadelaguardia.com\/estrangeria\/"},"modified":"2023-12-02T00:56:12","modified_gmt":"2023-12-01T23:56:12","slug":"estrangeria","status":"publish","type":"page","link":"https:\/\/www.gestoriadelaguardia.com\/ca\/estrangeria\/","title":{"rendered":"Estrangeria"},"content":{"rendered":"<p>[et_pb_section fb_built=&#8221;1&#8243; _builder_version=&#8221;4.16&#8243; _module_preset=&#8221;default&#8221; custom_padding=&#8221;0px||0px||true|false&#8221; global_colors_info=&#8221;{}&#8221;][et_pb_row _builder_version=&#8221;4.16&#8243; use_background_color_gradient=&#8221;on&#8221; background_color_gradient_stops=&#8221;rgba(255,255,255,0.62) 0%|rgba(255,255,255,0.6) 100%&#8221; background_color_gradient_overlays_image=&#8221;on&#8221; background_color_gradient_start=&#8221;rgba(255,255,255,0.62)&#8221; background_color_gradient_end=&#8221;rgba(255,255,255,0.6)&#8221; background_image=&#8221;https:\/\/www.gestoriadelaguardia.com\/wp-content\/uploads\/2022\/05\/Extranjeria.jpg&#8221; background_repeat=&#8221;repeat&#8221; width=&#8221;100%&#8221; max_width=&#8221;2560px&#8221; height=&#8221;60vh&#8221; max_height=&#8221;60vh&#8221; custom_css_main_element=&#8221;display:flex;||justify-content:center;||align-items:center;||align-content:center;&#8221; global_colors_info=&#8221;{}&#8221;][et_pb_column type=&#8221;4_4&#8243; _builder_version=&#8221;4.16&#8243; _module_preset=&#8221;default&#8221; global_colors_info=&#8221;{}&#8221;][et_pb_text _builder_version=&#8221;4.16&#8243; _module_preset=&#8221;default&#8221; text_font=&#8221;|||on|||||&#8221; text_font_size=&#8221;48px&#8221; text_line_height=&#8221;1.4em&#8221; text_orientation=&#8221;center&#8221; max_width=&#8221;800px&#8221; module_alignment=&#8221;center&#8221; global_colors_info=&#8221;{}&#8221;]Expedients i permisos d&#8217;estrangeria i de nacionalitat[\/et_pb_text][\/et_pb_column][\/et_pb_row][\/et_pb_section][et_pb_section fb_built=&#8221;1&#8243; _builder_version=&#8221;4.16&#8243; width=&#8221;100%&#8221; max_width=&#8221;100%&#8221; custom_padding=&#8221;0px||0px||true|false&#8221; global_colors_info=&#8221;{}&#8221;][et_pb_row _builder_version=&#8221;4.16&#8243; _module_preset=&#8221;default&#8221; width=&#8221;75%&#8221; global_colors_info=&#8221;{}&#8221;][et_pb_column type=&#8221;4_4&#8243; _builder_version=&#8221;4.16&#8243; _module_preset=&#8221;default&#8221; global_colors_info=&#8221;{}&#8221;][et_pb_text _builder_version=&#8221;4.16&#8243; _module_preset=&#8221;default&#8221; text_font=&#8221;|700|||||||&#8221; header_2_font=&#8221;|600||on|||||&#8221; header_2_font_size=&#8221;32px&#8221; custom_margin=&#8221;||8px||false|false&#8221; custom_padding=&#8221;||0px||false|false&#8221; global_colors_info=&#8221;{}&#8221;]<\/p>\n<h2>Estrangeria<\/h2>\n<p>[\/et_pb_text][et_pb_divider color=&#8221;#0E0E0E&#8221; divider_weight=&#8221;2px&#8221; _builder_version=&#8221;4.16&#8243; _module_preset=&#8221;default&#8221; custom_margin=&#8221;0px||0px||true|false&#8221; global_colors_info=&#8221;{}&#8221;][\/et_pb_divider][et_pb_text ul_type=&#8221;none&#8221; _builder_version=&#8221;4.16&#8243; _module_preset=&#8221;default&#8221; text_font=&#8221;||||||||&#8221; text_text_color=&#8221;#000000&#8243; text_font_size=&#8221;16px&#8221; global_colors_info=&#8221;{}&#8221;]A Gestoria de la Gu\u00e0rdia donem servei de gesti\u00f3 i tramitaci\u00f3 de tots els aspectes legals i administratius relacionats amb expedients i permisos d&#8217;estrangeria i nacionalitat.[\/et_pb_text][et_pb_text ul_type=&#8221;none&#8221; _builder_version=&#8221;4.17.6&#8243; _module_preset=&#8221;default&#8221; text_font=&#8221;||||||||&#8221; text_text_color=&#8221;#000000&#8243; text_font_size=&#8221;16px&#8221; hover_enabled=&#8221;0&#8243; global_colors_info=&#8221;{}&#8221; sticky_enabled=&#8221;0&#8243;]<\/p>\n<ul>\n<li>Perm\u00eds de Resid\u00e8ncia No Lucrativa, destinada per als estrangers no residents a Espanya que vulguin que se&#8217;ls autoritzi a residir temporalment a Espanya sense fer activitats laborals.<\/li>\n<li>Perm\u00eds i expedients de resid\u00e8ncia per reagrupaci\u00f3 familiar.<\/li>\n<li>Perm\u00eds de resid\u00e8ncia per arrelament i altres circumst\u00e0ncies excepcionals.<\/li>\n<li>Perm\u00eds de resid\u00e8ncia per feina.<\/li>\n<li>Perm\u00eds d&#8217;estada per estudis, investigaci\u00f3 o formaci\u00f3.<\/li>\n<li>Certificat de Registre de Ciutad\u00e0 de la Uni\u00f3 Europea.<\/li>\n<li>Perm\u00eds de resid\u00e8ncia de familiar no comunitari de ciutad\u00e0 de la Uni\u00f3 Europea.<\/li>\n<li>Renovacions de resid\u00e8ncia<\/li>\n<li>N\u00famero d&#8217;Identitat d&#8217;Estranger (N.I.E).<\/li>\n<li>Tramitaci\u00f3 dexpedients de sol\u00b7licitud de nacionalitat.<\/li>\n<li>Tramitaci\u00f3 i gesti\u00f3 dexpedients d&#8217;estrangeria.<\/li>\n<\/ul>\n<p>[\/et_pb_text][\/et_pb_column][\/et_pb_row][\/et_pb_section][et_pb_section fb_built=&#8221;1&#8243; _builder_version=&#8221;4.17.6&#8243; _module_preset=&#8221;default&#8221; background_color=&#8221;#809AB8&#8243; custom_padding=&#8221;0px||0px||true|false&#8221; global_module=&#8221;889&#8243; saved_tabs=&#8221;all&#8221; global_colors_info=&#8221;{}&#8221;][et_pb_row use_custom_gutter=&#8221;on&#8221; gutter_width=&#8221;2&#8243; _builder_version=&#8221;4.16&#8243; _module_preset=&#8221;default&#8221; width=&#8221;90%&#8221; max_width=&#8221;2560px&#8221; custom_padding=&#8221;16px||16px||true|false&#8221; global_colors_info=&#8221;{}&#8221;][et_pb_column type=&#8221;4_4&#8243; _builder_version=&#8221;4.16&#8243; _module_preset=&#8221;default&#8221; global_colors_info=&#8221;{}&#8221;][et_pb_text _builder_version=&#8221;4.17.6&#8243; _module_preset=&#8221;default&#8221; header_2_font=&#8221;|||on|||||&#8221; header_2_text_align=&#8221;center&#8221; header_2_text_color=&#8221;#FFFFFF&#8221; header_2_font_size=&#8221;36px&#8221; custom_margin=&#8221;1em||2em||false|false&#8221; locked=&#8221;off&#8221; global_colors_info=&#8221;{}&#8221; custom_padding__hover_enabled=&#8221;on|desktop&#8221;]<\/p>\n<h2>Poseu-vos en contacte amb nosaltres<\/h2>\n<p>[\/et_pb_text][et_pb_text _builder_version=&#8221;4.16&#8243; _module_preset=&#8221;default&#8221; global_colors_info=&#8221;{}&#8221;]<\/p>\n<div role=\"form\" class=\"wpcf7\" id=\"wpcf7-f3282-o1\" lang=\"ca\" dir=\"ltr\">\n<div class=\"screen-reader-response\"><p role=\"status\" aria-live=\"polite\" aria-atomic=\"true\"><\/p> <ul><\/ul><\/div>\n<form action=\"\/ca\/wp-json\/wp\/v2\/pages\/2409#wpcf7-f3282-o1\" method=\"post\" class=\"wpcf7-form init\" novalidate=\"novalidate\" data-status=\"init\">\n<div style=\"display: none;\">\n<input type=\"hidden\" name=\"_wpcf7\" value=\"3282\" \/>\n<input type=\"hidden\" name=\"_wpcf7_version\" value=\"5.6.1\" \/>\n<input type=\"hidden\" name=\"_wpcf7_locale\" value=\"ca\" \/>\n<input type=\"hidden\" name=\"_wpcf7_unit_tag\" value=\"wpcf7-f3282-o1\" \/>\n<input type=\"hidden\" name=\"_wpcf7_container_post\" value=\"0\" \/>\n<input type=\"hidden\" name=\"_wpcf7_posted_data_hash\" value=\"\" \/>\n<input type=\"hidden\" name=\"_wpcf7_recaptcha_response\" value=\"\" \/>\n<\/div>\n<div id=\"custom-form\" class=\"row\">\n<div class=\"col-campos\">\n<div class=\"campo campo-nombre\">\n\t\t\t<span class=\"wpcf7-form-control-wrap\" data-name=\"nombre\"><input type=\"text\" name=\"nombre\" value=\"\" size=\"40\" class=\"wpcf7-form-control wpcf7-text wpcf7-validates-as-required nombre\" id=\"nombre\" aria-required=\"true\" aria-invalid=\"false\" placeholder=\"Nom*\" \/><\/span>\n\t\t<\/div>\n<div class=\"campo campo-empresa\">\n\t\t\t<span class=\"wpcf7-form-control-wrap\" data-name=\"empresa\"><input type=\"text\" name=\"empresa\" value=\"\" size=\"40\" class=\"wpcf7-form-control wpcf7-text wpcf7-validates-as-required empresa\" id=\"empresa\" aria-required=\"true\" aria-invalid=\"false\" placeholder=\"Empresa*\" \/><\/span>\n\t\t<\/div>\n<div class=\"campo campo-email\">\n\t\t\t<span class=\"wpcf7-form-control-wrap\" data-name=\"email\"><input type=\"text\" name=\"email\" value=\"\" size=\"40\" class=\"wpcf7-form-control wpcf7-text wpcf7-validates-as-required email\" id=\"email\" aria-required=\"true\" aria-invalid=\"false\" placeholder=\"Email*\" \/><\/span>\n\t\t<\/div>\n<div class=\"campo campo-telefono\">\n\t\t\t<span class=\"wpcf7-form-control-wrap\" data-name=\"telefono\"><input type=\"text\" name=\"telefono\" value=\"\" size=\"40\" class=\"wpcf7-form-control wpcf7-text wpcf7-validates-as-required telefono\" id=\"telefono\" aria-required=\"true\" aria-invalid=\"false\" placeholder=\"Tel\u00e8fon*\" \/><\/span>\n\t\t<\/div>\n<div class=\"campo campo-oficinas\">\n<div class=\"\">\n\t\t\t\t<span class=\"wpcf7-form-control-wrap\" data-name=\"oficina\"><span class=\"wpcf7-form-control wpcf7-checkbox wpcf7-validates-as-required wpcf7-exclusive-checkbox\"><span class=\"wpcf7-list-item first\"><label><input type=\"checkbox\" name=\"oficina\" value=\"Contactar amb l&#039;oficina de Reus\" \/><span class=\"wpcf7-list-item-label\">Contactar amb l&#039;oficina de Reus<\/span><\/label><\/span><span class=\"wpcf7-list-item last\"><label><input type=\"checkbox\" name=\"oficina\" value=\"Contactar amb l&#039;oficina de Vila-Seca\" \/><span class=\"wpcf7-list-item-label\">Contactar amb l&#039;oficina de Vila-Seca<\/span><\/label><\/span><\/span><\/span>\n\t\t\t<\/div>\n<\/div>\n<\/div>\n<div class=\"col-mensaje\">\n<div class=\"campo campo-mensaje\">\n\t\t\t<span class=\"wpcf7-form-control-wrap\" data-name=\"Mensaje\"><textarea name=\"Mensaje\" cols=\"40\" rows=\"10\" class=\"wpcf7-form-control wpcf7-textarea wpcf7-validates-as-required mensaje\" id=\"mensaje\" aria-required=\"true\" aria-invalid=\"false\" placeholder=\"Missatge\"><\/textarea><\/span>\n\t\t<\/div>\n<div class=\"campo campo-rgpd campo-enviar\">\n<div class=\"campo rgpd\">\n\t\t\t<span class=\"wpcf7-form-control-wrap\" data-name=\"rgpd\"><span class=\"wpcf7-form-control wpcf7-acceptance\"><span class=\"wpcf7-list-item\"><label><input type=\"checkbox\" name=\"rgpd\" value=\"1\" aria-invalid=\"false\" id=\"rgpd\" \/><span class=\"wpcf7-list-item-label\">Accepto la pol\u00edtica de privacitat*. Informaci\u00f3 b\u00e0sica sobre protecci\u00f3 de dades.<\/span><\/label><\/span><\/span><\/span>\n\t\t\t<\/div>\n<div class=\"campo enviar\">\n\t\t\t<input type=\"submit\" value=\"Enviar\" class=\"wpcf7-form-control has-spinner wpcf7-submit et_pb_button et_pb_button_1 et_pb_bg_layout_light\" id=\"enviar\" \/>\n\t\t\t<\/div>\n<\/div>\n<\/div>\n<\/div>\n<p><script>\ndocument.addEventListener( 'wpcf7mailsent', function( event ) {\n  location = 'https:\/\/www.gestoriadelaguardia.com\/ca\/gracies-per-contactar\/';\n}, false );\n<\/script><\/p>\n<input type='hidden' class='wpcf7-pum' value='{\"closepopup\":false,\"closedelay\":0,\"openpopup\":false,\"openpopup_id\":0}' \/><div class=\"wpcf7-response-output\" aria-hidden=\"true\"><\/div><\/form><\/div>\n<p>[\/et_pb_text][\/et_pb_column][\/et_pb_row][\/et_pb_section][et_pb_section fb_built=&#8221;1&#8243; module_id=&#8221;quienesSomos&#8221; _builder_version=&#8221;4.15.1&#8243; _module_preset=&#8221;default&#8221; custom_padding=&#8221;||||false|false&#8221; global_module=&#8221;897&#8243; saved_tabs=&#8221;all&#8221; global_colors_info=&#8221;{}&#8221;][et_pb_row _builder_version=&#8221;4.16&#8243; _module_preset=&#8221;default&#8221; use_background_color_gradient=&#8221;on&#8221; background_color_gradient_direction=&#8221;90deg&#8221; background_color_gradient_stops=&#8221;rgba(255,255,255,0.9) 0%|rgba(255,255,255,0.9) 100%&#8221; background_color_gradient_start=&#8221;rgba(255,255,255,0.9)&#8221; background_color_gradient_end=&#8221;rgba(255,255,255,0.9)&#8221; background_image=&#8221;https:\/\/www.gestoriadelaguardia.com\/wp-content\/uploads\/2022\/04\/colegio-asesores-logo.png&#8221; background_size=&#8221;contain&#8221; background_blend=&#8221;lighten&#8221; width=&#8221;90%&#8221; max_width=&#8221;2560px&#8221; global_colors_info=&#8221;{}&#8221;][et_pb_column type=&#8221;4_4&#8243; _builder_version=&#8221;4.16&#8243; _module_preset=&#8221;default&#8221; global_colors_info=&#8221;{}&#8221;][et_pb_text _builder_version=&#8221;4.16&#8243; _module_preset=&#8221;default&#8221; text_font_size=&#8221;18px&#8221; header_2_font=&#8221;|||on|||||&#8221; header_2_text_align=&#8221;center&#8221; header_2_text_color=&#8221;#303030&#8243; header_2_font_size=&#8221;36px&#8221; header_2_line_height=&#8221;1.8em&#8221; text_orientation=&#8221;center&#8221; width=&#8221;80%&#8221; module_alignment=&#8221;center&#8221; custom_margin=&#8221;1em||2em||false|false&#8221; global_colors_info=&#8221;{}&#8221; custom_padding__hover_enabled=&#8221;on|desktop&#8221;]<\/p>\n<h2>Gestoria de la guardia, Qui som<\/h2>\n<p>Som una empresa de serveis professionals, amb oficines a Reus i Vila-seca, especialitzada en l&#8217;assessorament d&#8217;empreses i aut\u00f2noms i tramitaci\u00f3 d&#8217;assumptes<br \/>\ndavant de l&#8217;administraci\u00f3 p\u00fablica i la Direcci\u00f3 General de Tr\u00e0nsit des del 1956.<\/p>\n<p>El nostre equip hum\u00e0 est\u00e0 format per professionals qualificats, col\u00b7legiats i<br \/>\nacreditats. La seva constant formaci\u00f3, per con\u00e8ixer totes les normatives i les seves<br \/>\ncanvis, els permet transmetre correctament la informaci\u00f3 al client i actualitzar-los<br \/>\nserveis en benefici dels nostres clients.[\/et_pb_text][\/et_pb_column][\/et_pb_row][\/et_pb_section]<\/p>\n","protected":false},"excerpt":{"rendered":"<p>Expedients i permisos d&#8217;estrangeria i de nacionalitatEstrangeriaA Gestoria de la Gu\u00e0rdia donem servei de gesti\u00f3 i tramitaci\u00f3 de tots els aspectes legals i administratius relacionats amb expedients i permisos d&#8217;estrangeria i nacionalitat. Perm\u00eds de Resid\u00e8ncia No Lucrativa, destinada per als estrangers no residents a Espanya que vulguin que se&#8217;ls autoritzi a residir temporalment a Espanya [&hellip;]<\/p>\n","protected":false},"author":1,"featured_media":0,"parent":0,"menu_order":0,"comment_status":"closed","ping_status":"closed","template":"","meta":{"_et_pb_use_builder":"on","_et_pb_old_content":"","_et_gb_content_width":"","footnotes":""},"class_list":["post-2409","page","type-page","status-publish","hentry"],"_links":{"self":[{"href":"https:\/\/www.gestoriadelaguardia.com\/ca\/wp-json\/wp\/v2\/pages\/2409","targetHints":{"allow":["GET"]}}],"collection":[{"href":"https:\/\/www.gestoriadelaguardia.com\/ca\/wp-json\/wp\/v2\/pages"}],"about":[{"href":"https:\/\/www.gestoriadelaguardia.com\/ca\/wp-json\/wp\/v2\/types\/page"}],"author":[{"embeddable":true,"href":"https:\/\/www.gestoriadelaguardia.com\/ca\/wp-json\/wp\/v2\/users\/1"}],"replies":[{"embeddable":true,"href":"https:\/\/www.gestoriadelaguardia.com\/ca\/wp-json\/wp\/v2\/comments?post=2409"}],"version-history":[{"count":2,"href":"https:\/\/www.gestoriadelaguardia.com\/ca\/wp-json\/wp\/v2\/pages\/2409\/revisions"}],"predecessor-version":[{"id":4034,"href":"https:\/\/www.gestoriadelaguardia.com\/ca\/wp-json\/wp\/v2\/pages\/2409\/revisions\/4034"}],"wp:attachment":[{"href":"https:\/\/www.gestoriadelaguardia.com\/ca\/wp-json\/wp\/v2\/media?parent=2409"}],"curies":[{"name":"wp","href":"https:\/\/api.w.org\/{rel}","templated":true}]}}